{"id":19737,"date":"2021-12-09T13:32:52","date_gmt":"2021-12-09T13:32:52","guid":{"rendered":"https:\/\/www.horseholidaysfrance.com\/?page_id=19737"},"modified":"2023-10-10T08:30:11","modified_gmt":"2023-10-10T08:30:11","slug":"centre-equestre-maisons-laffitte","status":"publish","type":"page","link":"https:\/\/www.horseholidaysfrance.com\/en\/centre-equestre-maisons-laffitte\/","title":{"rendered":"Centre \u00e9questre \u00e0 Maisons Laffitte"},"content":{"rendered":"\n<style type=\"text\/css\" data-created_by=\"avia_inline_auto\" id=\"style-css-av-1qahl89-9758febe475d30e4f50208aa093944fb\">\n.flex_column.av-1qahl89-9758febe475d30e4f50208aa093944fb{\nborder-radius:0px 0px 0px 0px;\npadding:0px 0px 0px 0px;\n}\n<\/style>\n<div  class='flex_column av-1qahl89-9758febe475d30e4f50208aa093944fb av_one_full  avia-builder-el-0  el_before_av_one_full  avia-builder-el-first  first flex_column_div av-zero-column-padding  '     ><style type=\"text\/css\" data-created_by=\"avia_inline_auto\" id=\"style-css-av-kwz0phqc-06176c367aa2b63d391cc4a5d486c2a9\">\n.avia-image-container.av-kwz0phqc-06176c367aa2b63d391cc4a5d486c2a9 img.avia_image{\nbox-shadow:none;\n}\n.avia-image-container.av-kwz0phqc-06176c367aa2b63d391cc4a5d486c2a9 .av-image-caption-overlay-center{\ncolor:#ffffff;\n}\n<\/style>\n<div  class='avia-image-container av-kwz0phqc-06176c367aa2b63d391cc4a5d486c2a9 av-styling- avia-align-center  avia-builder-el-1  avia-builder-el-no-sibling '   itemprop=\"image\" itemscope=\"itemscope\" itemtype=\"https:\/\/schema.org\/ImageObject\" ><div class=\"avia-image-container-inner\"><div class=\"avia-image-overlay-wrap\"><img decoding=\"async\" fetchpriority=\"high\" class='wp-image-19751 avia-img-lazy-loading-not-19751 avia_image ' src=\"https:\/\/www.horseholidaysfrance.com\/wp-content\/uploads\/2021\/12\/Capture-de\u0301cran-2021-12-09-a\u0300-14.49.45.png\" alt='centre \u00e9questre maisons laffitte' title='Capture d\u2019e\u0301cran 2021-12-09 a\u0300 14.49.45'  height=\"482\" width=\"1066\"  itemprop=\"thumbnailUrl\" srcset=\"https:\/\/www.horseholidaysfrance.com\/wp-content\/uploads\/2021\/12\/Capture-de\u0301cran-2021-12-09-a\u0300-14.49.45.png 1066w, https:\/\/www.horseholidaysfrance.com\/wp-content\/uploads\/2021\/12\/Capture-de\u0301cran-2021-12-09-a\u0300-14.49.45-500x226.png 500w, https:\/\/www.horseholidaysfrance.com\/wp-content\/uploads\/2021\/12\/Capture-de\u0301cran-2021-12-09-a\u0300-14.49.45-1030x466.png 1030w, https:\/\/www.horseholidaysfrance.com\/wp-content\/uploads\/2021\/12\/Capture-de\u0301cran-2021-12-09-a\u0300-14.49.45-768x347.png 768w, https:\/\/www.horseholidaysfrance.com\/wp-content\/uploads\/2021\/12\/Capture-de\u0301cran-2021-12-09-a\u0300-14.49.45-705x319.png 705w, https:\/\/www.horseholidaysfrance.com\/wp-content\/uploads\/2021\/12\/Capture-de\u0301cran-2021-12-09-a\u0300-14.49.45-450x203.png 450w\" sizes=\"(max-width: 1066px) 100vw, 1066px\" \/><\/div><\/div><\/div><\/div>\n\n<style type=\"text\/css\" data-created_by=\"avia_inline_auto\" id=\"style-css-av-av_one_full-1df1b63c6c045939f2dc1aefbdd8e7ad\">\n.flex_column.av-av_one_full-1df1b63c6c045939f2dc1aefbdd8e7ad{\nborder-radius:0px 0px 0px 0px;\npadding:0px 0px 0px 0px;\n}\n<\/style>\n<div  class='flex_column av-av_one_full-1df1b63c6c045939f2dc1aefbdd8e7ad av_one_full  avia-builder-el-2  el_after_av_one_full  el_before_av_textblock  first flex_column_div av-zero-column-padding  column-top-margin'     ><div  class='hr av-av_hr-23b3846cdd0fbd0e234720a594f6db24 hr-default  avia-builder-el-3  avia-builder-el-no-sibling '><span class='hr-inner '><span class=\"hr-inner-style\"><\/span><\/span><\/div><\/div><section  class='av_textblock_section av-18erpyx-4c1ee9b323c3064efc7a54d046783586 '   itemscope=\"itemscope\" itemtype=\"https:\/\/schema.org\/CreativeWork\" ><div class='avia_textblock'  itemprop=\"text\" ><h1><\/h1>\n<h1><\/h1>\n<h1><\/h1>\n<h1>Horse Holidays, centre \u00e9questre \u00e0 Maisons Laffitte<\/h1>\n<p>\u00c0 la recherche d\u2019un <strong>centre \u00e9questre \u00e0 Maisons Laffitte<\/strong> ? Horse Holidays France, cr\u00e9ateur de s\u00e9jours \u00e9questres sur mesure vous accompagne dans votre<strong> loisir \u00e9questre.<\/strong><\/p>\n<p>Que ce soit pour une <strong>initiation \u00e0 l\u2019\u00e9quitation<\/strong>, des promenades, des randonn\u00e9es ou des cours, Horse Holidays France propose des formules adapt\u00e9es \u00e0 vos envies. Situ\u00e9e dans la Cit\u00e9 du cheval, \u00e0 seulement 20 min de Paris centre par le RER A ou le transilien, notre \u00e9curie est facile d\u2019acc\u00e8s.<\/p>\n<p>Si vous avez envie de <strong>d\u00e9couvrir les Yvelines<\/strong>, vous promener dans le <strong>parc de Maisons- Laffitte<\/strong>, vous divertir et passer des moments magiques avec votre destrier, c\u2019est possible. Nous sommes \u00e0 votre \u00e9coute pour vous proposer des <strong>promenades \u00e9questres adapt\u00e9es \u00e0 votre niveau.<\/strong><\/p>\n<h2>Loisir \u00e9questre pour les passionn\u00e9s de cheval<\/h2>\n<p><strong>Vous \u00eates curieux ou passionn\u00e9 de cheval ?<\/strong> Vous \u00eates au bon endroit ! Horse Holidays France est install\u00e9 dans une ancienne \u00e9curie de course au c\u0153ur de l\u2019ancien parc du ch\u00e2teau de 300 hectares, o\u00f9 de nombreuses all\u00e9es cavali\u00e8res vous attendent, en plein c\u0153ur de la <strong>Cit\u00e9 du cheval, Maisons Laffitte, dans les Yvelines.<\/strong><\/p>\n<p>Dans le <strong>parc de Maisons-Laffitte,<\/strong> vous croiserez des jeunes chevaux de courses qui se rendent \u00e0 l&#8217;entra\u00eenement et d\u2019autres cavaliers qui comme vous profitent de cet endroit privil\u00e9gi\u00e9 pour sortir leur cheval. On en compte 1600, r\u00e9partis dans une cinquantaine d\u2019\u00e9curies, un lieu unique et authentique !<\/p>\n<p>Situ\u00e9 en lisi\u00e8re de la<strong> for\u00eat de Saint-Germain,<\/strong> les cavaliers plus aguerris appr\u00e9cieront les belles et longues pistes cavali\u00e8res. Un terrain de jeux exceptionnel pour tous les adeptes de la nature. Le<strong> centre \u00e9questre Horse Holidays<\/strong> <strong>France<\/strong> est install\u00e9 dans une \u00e9curie situ\u00e9e juste \u00e0 c\u00f4t\u00e9 de l\u2019hippodrome et ses carri\u00e8res attenantes ; rectangle de dressage 60 m x 20 m, carri\u00e8re de saut d\u2019obstacles, paddock de d\u00e9tente, carri\u00e8re de travail, spring garden (cross) et rond de longe.<\/p>\n<p>Nous vous accueillerons au<strong> club house<\/strong>, o\u00f9 nous partagerons une boisson et des g\u00e2teaux tout en discutant sur votre profil et vos attentes afin de vous attribuer le cheval qui vous correspond le mieux.<\/p>\n<p><strong>Vous n\u2019avez pas d\u2019\u00e9quipement ? D\u00e9tendez-vous !<\/strong> Nous fournissons les casques et mini-chaps pour prot\u00e9ger votre bas de jambe. Vous avez juste \u00e0 venir en pantalon confortable et chaussures ferm\u00e9es avec un petit talon. Nous vous conseillons une veste ou blouson adapt\u00e9 \u00e0 la m\u00e9t\u00e9o : imperm\u00e9able en temps de pluie et chaud l\u2019hiver.<\/p>\n<p>Nous sommes \u00e0 votre \u00e9coute pour vous apporter les r\u00e9ponses \u00e0 vos questions, en toute saison et par tout temps. Nous aimons vous faire d\u00e9couvrir notre passion et notre patrimoine.<\/p>\n<p>Lors des <strong>randonn\u00e9es \u00e0 cheval<\/strong>, d\u2019une ou plusieurs journ\u00e9es, nous vous ferons d\u00e9couvrir notre belle r\u00e9gion et nous partagerons un d\u00e9jeuner gourmand sur une belle table tr\u00e8s joliment dress\u00e9e.<\/p>\n<p><strong>\u00a0 &gt; D\u00e9couvrez notre <a href=\"https:\/\/www.horseholidaysfrance.com\/produit\/chevauchee-grandeur-nature\/\">chevauch\u00e9e grandeur nature<\/a> avec une journ\u00e9e enti\u00e8re et un d\u00e9jeuner sur les terrasses du ch\u00e2teau de Saint Germain en laye.\u00a0<\/strong><\/p>\n<p>Vous souhaitez en savoir plus sur notre service et notre <strong>centre \u00e9questre \u00e0 Maisons-Laffitte<\/strong> ? Contactez-nous par t\u00e9l\u00e9phone <strong>01 30 53 35 99 <\/strong>ou par mail \u00e0 <strong>contact@horseholidays.fr.\u00a0<\/strong><\/p>\n<h2>Un centre \u00e9questre pour cavaliers de tous niveaux<\/h2>\n<p>Horse Holidays France,<strong> centre \u00e9questre dans les Yvelines<\/strong>, vous proposent des prestations tr\u00e8s vari\u00e9es, de la balade, aux <strong>week-ends \u00e0 cheval<\/strong> ainsi que des cours individuels ou en duo, pour les novices tout comme les niveaux interm\u00e9diaires ou confirm\u00e9s.<\/p>\n<p>Chez nous, le <strong>bien\u00eatre animal<\/strong> est primordial. Chaque cheval \u00e0 son boxe individuel et son mat\u00e9riel \u00e0 lui dans la sellerie. Nous prenons grand soin \u00e0 adapter leur nourriture et exercice journalier en fonction de leurs besoins et un jour de repos hebdomadaire leur est d\u00e9di\u00e9. Notre <strong>man\u00e8ge<\/strong> sera l\u2019endroit id\u00e9al pour mettre en selle les d\u00e9butants, que ce soit en cours ou avant de partir en balade dans le parc.<\/p>\n<p>Pour les<strong> cavaliers plus exp\u00e9riment\u00e9s<\/strong>, les cours seront dispens\u00e9s dans une des grandes carri\u00e8res situ\u00e9es \u00e0 l\u2019hippodrome, apr\u00e8s avoir emprunt\u00e9 l\u2019all\u00e9e cavali\u00e8re pour s\u2019y rendre.<\/p>\n<p>La formule <a href=\"https:\/\/www.horseholidaysfrance.com\/boutique\/promenade-decouverte\/\">\u00ab promenade d\u00e9couverte \u00bb<\/a> est con\u00e7ue pour les cavaliers ayant peu d\u2019exp\u00e9rience et aussi pour ceux qui n\u2019ont jamais mont\u00e9 \u00e0 cheval. La formule <a href=\"https:\/\/www.horseholidaysfrance.com\/produit\/promenade-evolution\/\">\u00ab promenade \u00e9volution \u00bb<\/a> convient aux cavaliers de niveau interm\u00e9diaires et enfin la <a href=\"https:\/\/www.horseholidaysfrance.com\/produit\/promenade-exploration\/\">\u00ab promenade exploration \u00bb<\/a> fera le bonheur des cavaliers exp\u00e9riment\u00e9s.<\/p>\n<p>Notre <strong>centre hippique<\/strong> vous permettra de venir profiter pleinement de votre cheval et de pouvoir faire des balades dans les<strong> all\u00e9es \u00e9questres de Maisons Laffitte.<\/strong><\/p>\n<p>Envie d&#8217;en savoir plus ? Contactez-nous par t\u00e9l\u00e9phone ou via notre<a href=\"https:\/\/www.horseholidaysfrance.com\/contact\/\"> formulaire de contact.<\/a> Nous r\u00e9pondrons rapidement \u00e0 votre demande.<\/p>\n<\/div><\/section><\/p>\n\n<style type=\"text\/css\" data-created_by=\"avia_inline_auto\" id=\"style-css-av-sc4j4p-1fff26e764e2469920857ff868504364\">\n.flex_column.av-sc4j4p-1fff26e764e2469920857ff868504364{\nborder-radius:0px 0px 0px 0px;\npadding:0px 0px 0px 0px;\n}\n<\/style>\n<div  class='flex_column av-sc4j4p-1fff26e764e2469920857ff868504364 av_one_full  avia-builder-el-5  el_after_av_textblock  avia-builder-el-last  first flex_column_div av-zero-column-padding  column-top-margin'     ><div  class='avia-button-wrap av-kwz0r7gu-ef95a774038b638d6a2fb73ab449fc02-wrap avia-button-center  avia-builder-el-6  avia-builder-el-no-sibling '><a href='https:\/\/www.horseholidaysfrance.com\/contact\/'  class='avia-button av-kwz0r7gu-ef95a774038b638d6a2fb73ab449fc02 av-link-btn avia-icon_select-yes-left-icon avia-size-large avia-position-center avia-color-theme-color'  target=\"_blank\"  rel=\"noopener noreferrer\"  aria-label=\"Contactez-nous ! \"><span class='avia_button_icon avia_button_icon_left avia-iconfont avia-font-entypo-fontello' data-av_icon='\ue805' data-av_iconfont='entypo-fontello' ><\/span><span class='avia_iconbox_title' >Contactez-nous ! <\/span><\/a><\/div><\/div>\n","protected":false},"excerpt":{"rendered":"","protected":false},"author":23,"featured_media":0,"parent":0,"menu_order":0,"comment_status":"closed","ping_status":"closed","template":"","meta":{"_acf_changed":false,"footnotes":""},"class_list":["post-19737","page","type-page","status-publish","hentry"],"acf":[],"yoast_head":"<!-- This site is optimized with the Yoast SEO plugin v27.4 - https:\/\/yoast.com\/product\/yoast-seo-wordpress\/ -->\n<title>Centre \u00e9questre \u00e0 Maisons Laffitte, Yvelines (78) | Horse Holidays<\/title>\n<meta name=\"description\" content=\"Choisissez le meilleur du centre \u00e9questre \u00e0 Maisons Laffitte. Un centre \u00e9questre premium et haut de gamme pour cavalier tous niveaux.\" \/>\n<meta name=\"robots\" content=\"index, follow, max-snippet:-1, max-image-preview:large, max-video-preview:-1\" \/>\n<link rel=\"canonical\" href=\"https:\/\/www.horseholidaysfrance.com\/centre-equestre-maisons-laffitte\/\" \/>\n<meta property=\"og:locale\" content=\"en_US\" \/>\n<meta property=\"og:type\" content=\"article\" \/>\n<meta property=\"og:title\" content=\"Centre \u00e9questre \u00e0 Maisons Laffitte, Yvelines (78) | Horse Holidays\" \/>\n<meta property=\"og:description\" content=\"Choisissez le meilleur du centre \u00e9questre \u00e0 Maisons Laffitte. Un centre \u00e9questre premium et haut de gamme pour cavalier tous niveaux.\" \/>\n<meta property=\"og:url\" content=\"https:\/\/www.horseholidaysfrance.com\/centre-equestre-maisons-laffitte\/\" \/>\n<meta property=\"og:site_name\" content=\"Horse Holidays Createur de sejours equestres sur mesure\" \/>\n<meta property=\"article:publisher\" content=\"https:\/\/www.facebook.com\/horse.fr\/\" \/>\n<meta property=\"article:modified_time\" content=\"2023-10-10T08:30:11+00:00\" \/>\n<meta name=\"twitter:card\" content=\"summary_large_image\" \/>\n<meta name=\"twitter:label1\" content=\"Est. reading time\" \/>\n\t<meta name=\"twitter:data1\" content=\"5 minutes\" \/>\n<script type=\"application\/ld+json\" class=\"yoast-schema-graph\">{\"@context\":\"https:\\\/\\\/schema.org\",\"@graph\":[{\"@type\":\"WebPage\",\"@id\":\"https:\\\/\\\/www.horseholidaysfrance.com\\\/centre-equestre-maisons-laffitte\\\/\",\"url\":\"https:\\\/\\\/www.horseholidaysfrance.com\\\/centre-equestre-maisons-laffitte\\\/\",\"name\":\"Centre \u00e9questre \u00e0 Maisons Laffitte, Yvelines (78) | Horse Holidays\",\"isPartOf\":{\"@id\":\"https:\\\/\\\/www.horseholidaysfrance.com\\\/#website\"},\"datePublished\":\"2021-12-09T13:32:52+00:00\",\"dateModified\":\"2023-10-10T08:30:11+00:00\",\"description\":\"Choisissez le meilleur du centre \u00e9questre \u00e0 Maisons Laffitte. Un centre \u00e9questre premium et haut de gamme pour cavalier tous niveaux.\",\"breadcrumb\":{\"@id\":\"https:\\\/\\\/www.horseholidaysfrance.com\\\/centre-equestre-maisons-laffitte\\\/#breadcrumb\"},\"inLanguage\":\"en-US\",\"potentialAction\":[{\"@type\":\"ReadAction\",\"target\":[\"https:\\\/\\\/www.horseholidaysfrance.com\\\/centre-equestre-maisons-laffitte\\\/\"]}]},{\"@type\":\"BreadcrumbList\",\"@id\":\"https:\\\/\\\/www.horseholidaysfrance.com\\\/centre-equestre-maisons-laffitte\\\/#breadcrumb\",\"itemListElement\":[{\"@type\":\"ListItem\",\"position\":1,\"name\":\"Accueil\",\"item\":\"https:\\\/\\\/www.horseholidaysfrance.com\\\/en\\\/home-2-2-2\\\/\"},{\"@type\":\"ListItem\",\"position\":2,\"name\":\"Centre \u00e9questre \u00e0 Maisons Laffitte\"}]},{\"@type\":\"WebSite\",\"@id\":\"https:\\\/\\\/www.horseholidaysfrance.com\\\/#website\",\"url\":\"https:\\\/\\\/www.horseholidaysfrance.com\\\/\",\"name\":\"Horse Holidays Createur de sejours equestres sur mesure\",\"description\":\"Cr\u00e9ateur de s\u00e9jours \u00e9questres sur mesure\",\"publisher\":{\"@id\":\"https:\\\/\\\/www.horseholidaysfrance.com\\\/#organization\"},\"potentialAction\":[{\"@type\":\"SearchAction\",\"target\":{\"@type\":\"EntryPoint\",\"urlTemplate\":\"https:\\\/\\\/www.horseholidaysfrance.com\\\/?s={search_term_string}\"},\"query-input\":{\"@type\":\"PropertyValueSpecification\",\"valueRequired\":true,\"valueName\":\"search_term_string\"}}],\"inLanguage\":\"en-US\"},{\"@type\":\"Organization\",\"@id\":\"https:\\\/\\\/www.horseholidaysfrance.com\\\/#organization\",\"name\":\"Horse Holidays France\",\"url\":\"https:\\\/\\\/www.horseholidaysfrance.com\\\/\",\"logo\":{\"@type\":\"ImageObject\",\"inLanguage\":\"en-US\",\"@id\":\"https:\\\/\\\/www.horseholidaysfrance.com\\\/#\\\/schema\\\/logo\\\/image\\\/\",\"url\":\"https:\\\/\\\/www.horseholidaysfrance.com\\\/wp-content\\\/uploads\\\/2017\\\/01\\\/HHF-loga-fr.jpg\",\"contentUrl\":\"https:\\\/\\\/www.horseholidaysfrance.com\\\/wp-content\\\/uploads\\\/2017\\\/01\\\/HHF-loga-fr.jpg\",\"width\":524,\"height\":183,\"caption\":\"Horse Holidays France\"},\"image\":{\"@id\":\"https:\\\/\\\/www.horseholidaysfrance.com\\\/#\\\/schema\\\/logo\\\/image\\\/\"},\"sameAs\":[\"https:\\\/\\\/www.facebook.com\\\/horse.fr\\\/\",\"https:\\\/\\\/www.linkedin.com\\\/company\\\/horse-holidays-france?report_success=6vo3TCkCS1-Q3MQSXyAa5EmbyooXt_JHF4gI-SlS5O9Glwt8CaN1ZzdSFMOjqCEC4tgoZJl1pOO90MRDlW9NQp\"]}]}<\/script>\n<!-- \/ Yoast SEO plugin. -->","yoast_head_json":{"title":"Centre \u00e9questre \u00e0 Maisons Laffitte, Yvelines (78) | Horse Holidays","description":"Choisissez le meilleur du centre \u00e9questre \u00e0 Maisons Laffitte. Un centre \u00e9questre premium et haut de gamme pour cavalier tous niveaux.","robots":{"index":"index","follow":"follow","max-snippet":"max-snippet:-1","max-image-preview":"max-image-preview:large","max-video-preview":"max-video-preview:-1"},"canonical":"https:\/\/www.horseholidaysfrance.com\/centre-equestre-maisons-laffitte\/","og_locale":"en_US","og_type":"article","og_title":"Centre \u00e9questre \u00e0 Maisons Laffitte, Yvelines (78) | Horse Holidays","og_description":"Choisissez le meilleur du centre \u00e9questre \u00e0 Maisons Laffitte. Un centre \u00e9questre premium et haut de gamme pour cavalier tous niveaux.","og_url":"https:\/\/www.horseholidaysfrance.com\/centre-equestre-maisons-laffitte\/","og_site_name":"Horse Holidays Createur de sejours equestres sur mesure","article_publisher":"https:\/\/www.facebook.com\/horse.fr\/","article_modified_time":"2023-10-10T08:30:11+00:00","twitter_card":"summary_large_image","twitter_misc":{"Est. reading time":"5 minutes"},"schema":{"@context":"https:\/\/schema.org","@graph":[{"@type":"WebPage","@id":"https:\/\/www.horseholidaysfrance.com\/centre-equestre-maisons-laffitte\/","url":"https:\/\/www.horseholidaysfrance.com\/centre-equestre-maisons-laffitte\/","name":"Centre \u00e9questre \u00e0 Maisons Laffitte, Yvelines (78) | Horse Holidays","isPartOf":{"@id":"https:\/\/www.horseholidaysfrance.com\/#website"},"datePublished":"2021-12-09T13:32:52+00:00","dateModified":"2023-10-10T08:30:11+00:00","description":"Choisissez le meilleur du centre \u00e9questre \u00e0 Maisons Laffitte. Un centre \u00e9questre premium et haut de gamme pour cavalier tous niveaux.","breadcrumb":{"@id":"https:\/\/www.horseholidaysfrance.com\/centre-equestre-maisons-laffitte\/#breadcrumb"},"inLanguage":"en-US","potentialAction":[{"@type":"ReadAction","target":["https:\/\/www.horseholidaysfrance.com\/centre-equestre-maisons-laffitte\/"]}]},{"@type":"BreadcrumbList","@id":"https:\/\/www.horseholidaysfrance.com\/centre-equestre-maisons-laffitte\/#breadcrumb","itemListElement":[{"@type":"ListItem","position":1,"name":"Accueil","item":"https:\/\/www.horseholidaysfrance.com\/en\/home-2-2-2\/"},{"@type":"ListItem","position":2,"name":"Centre \u00e9questre \u00e0 Maisons Laffitte"}]},{"@type":"WebSite","@id":"https:\/\/www.horseholidaysfrance.com\/#website","url":"https:\/\/www.horseholidaysfrance.com\/","name":"Horse Holidays Createur de sejours equestres sur mesure","description":"Cr\u00e9ateur de s\u00e9jours \u00e9questres sur mesure","publisher":{"@id":"https:\/\/www.horseholidaysfrance.com\/#organization"},"potentialAction":[{"@type":"SearchAction","target":{"@type":"EntryPoint","urlTemplate":"https:\/\/www.horseholidaysfrance.com\/?s={search_term_string}"},"query-input":{"@type":"PropertyValueSpecification","valueRequired":true,"valueName":"search_term_string"}}],"inLanguage":"en-US"},{"@type":"Organization","@id":"https:\/\/www.horseholidaysfrance.com\/#organization","name":"Horse Holidays France","url":"https:\/\/www.horseholidaysfrance.com\/","logo":{"@type":"ImageObject","inLanguage":"en-US","@id":"https:\/\/www.horseholidaysfrance.com\/#\/schema\/logo\/image\/","url":"https:\/\/www.horseholidaysfrance.com\/wp-content\/uploads\/2017\/01\/HHF-loga-fr.jpg","contentUrl":"https:\/\/www.horseholidaysfrance.com\/wp-content\/uploads\/2017\/01\/HHF-loga-fr.jpg","width":524,"height":183,"caption":"Horse Holidays France"},"image":{"@id":"https:\/\/www.horseholidaysfrance.com\/#\/schema\/logo\/image\/"},"sameAs":["https:\/\/www.facebook.com\/horse.fr\/","https:\/\/www.linkedin.com\/company\/horse-holidays-france?report_success=6vo3TCkCS1-Q3MQSXyAa5EmbyooXt_JHF4gI-SlS5O9Glwt8CaN1ZzdSFMOjqCEC4tgoZJl1pOO90MRDlW9NQp"]}]}},"_links":{"self":[{"href":"https:\/\/www.horseholidaysfrance.com\/en\/wp-json\/wp\/v2\/pages\/19737","targetHints":{"allow":["GET"]}}],"collection":[{"href":"https:\/\/www.horseholidaysfrance.com\/en\/wp-json\/wp\/v2\/pages"}],"about":[{"href":"https:\/\/www.horseholidaysfrance.com\/en\/wp-json\/wp\/v2\/types\/page"}],"author":[{"embeddable":true,"href":"https:\/\/www.horseholidaysfrance.com\/en\/wp-json\/wp\/v2\/users\/23"}],"replies":[{"embeddable":true,"href":"https:\/\/www.horseholidaysfrance.com\/en\/wp-json\/wp\/v2\/comments?post=19737"}],"version-history":[{"count":10,"href":"https:\/\/www.horseholidaysfrance.com\/en\/wp-json\/wp\/v2\/pages\/19737\/revisions"}],"predecessor-version":[{"id":20283,"href":"https:\/\/www.horseholidaysfrance.com\/en\/wp-json\/wp\/v2\/pages\/19737\/revisions\/20283"}],"wp:attachment":[{"href":"https:\/\/www.horseholidaysfrance.com\/en\/wp-json\/wp\/v2\/media?parent=19737"}],"curies":[{"name":"wp","href":"https:\/\/api.w.org\/{rel}","templated":true}]}}