{"id":20360,"date":"2022-02-04T08:55:23","date_gmt":"2022-02-04T08:55:23","guid":{"rendered":"https:\/\/www.horseholidaysfrance.com\/?page_id=20360"},"modified":"2022-02-04T08:59:45","modified_gmt":"2022-02-04T08:59:45","slug":"horse-holidays-horse-stables-in-maisons-laffitte","status":"publish","type":"page","link":"https:\/\/www.horseholidaysfrance.com\/en\/horse-holidays-horse-stables-in-maisons-laffitte\/","title":{"rendered":"Horse Holidays, horse stables in Maisons Laffitte"},"content":{"rendered":"<h1><img loading=\"lazy\" decoding=\"async\" class=\"alignnone size-full wp-image-19751\" src=\"https:\/\/www.horseholidaysfrance.com\/wp-content\/uploads\/2021\/12\/Capture-de\u0301cran-2021-12-09-a\u0300-14.49.45.png\" alt=\"centre \u00e9questre maisons laffitte\" width=\"1066\" height=\"482\" srcset=\"https:\/\/www.horseholidaysfrance.com\/wp-content\/uploads\/2021\/12\/Capture-de\u0301cran-2021-12-09-a\u0300-14.49.45.png 1066w, https:\/\/www.horseholidaysfrance.com\/wp-content\/uploads\/2021\/12\/Capture-de\u0301cran-2021-12-09-a\u0300-14.49.45-500x226.png 500w, https:\/\/www.horseholidaysfrance.com\/wp-content\/uploads\/2021\/12\/Capture-de\u0301cran-2021-12-09-a\u0300-14.49.45-1030x466.png 1030w, https:\/\/www.horseholidaysfrance.com\/wp-content\/uploads\/2021\/12\/Capture-de\u0301cran-2021-12-09-a\u0300-14.49.45-768x347.png 768w, https:\/\/www.horseholidaysfrance.com\/wp-content\/uploads\/2021\/12\/Capture-de\u0301cran-2021-12-09-a\u0300-14.49.45-705x319.png 705w, https:\/\/www.horseholidaysfrance.com\/wp-content\/uploads\/2021\/12\/Capture-de\u0301cran-2021-12-09-a\u0300-14.49.45-450x203.png 450w\" sizes=\"auto, (max-width: 1066px) 100vw, 1066px\" \/><\/h1>\n<h1><\/h1>\n<h1>Horse Holidays, horse stables in Maisons Laffitte<\/h1>\n<p><span style=\"font-weight: 400;\">Looking for a place to ride in Maisons Laffitte? Horse Holidays France offers a wide range of equestrian activities.<\/span><\/p>\n<p><span style=\"font-weight: 400;\">From the novice to the most confirmed rider, you will find anything you need to fulfill your expectations \/ needs.<\/span><\/p>\n<p><span style=\"font-weight: 400;\">Located close to Paris, Horse Holidays France offers a wide range of rides tailored for you. Maisons Laffitte, the \u201ccity of horses\u201d, is only 20 minutes away from Paris on the RER A metro or by regular train from St Lazare station.<\/span><\/p>\n<p><span style=\"font-weight: 400;\">We will be delighted to introduce to you Maisons Laffitte, in the Yvelines, where we will provide you a memorable ride around the castle to suit all levels of experience.<\/span><\/p>\n<h2><b>Your horseback adventure awaits<\/b><\/h2>\n<p><span style=\"font-weight: 400;\">Whether you are a horse lover or just curious, you are in the right place!<\/span><\/p>\n<p><span style=\"font-weight: 400;\">Horse Holidays France is located in an old racing stable, within what used to be the 300 sqm park of the castle in Maisons Laffitte, the \u201cCity of Horses\u201d located in the Yvelines, where many riding paths await for you.<\/span><\/p>\n<p><span style=\"font-weight: 400;\">In the park of Maisons Laffitte, you will meet many young race horses walking to their training centers as well as other riders who practice for sport and leisure. In this unique city, there are over 1600 horses and around 50 horse stables.\u00a0<\/span><\/p>\n<p><span style=\"font-weight: 400;\">The park borders the large forest of St Germain, with 80kms of trail riding paths.<\/span><\/p>\n<p><span style=\"font-weight: 400;\">The stables Horse Holidays France are located near the racing track and there are arenas conveniently close. There are 4 different arenas: one for dressage (60 x 20m), a jumping arena, a training paddock, and a flat work arena, as well as a round pen to lunge and a horse country course.<\/span><\/p>\n<p><span style=\"font-weight: 400;\">We will wait for you in the club house where we will talk over a drink and some biscuits to learn about you and your wishes in order to pair you with a horse that will suit you the best.<\/span><\/p>\n<p><span style=\"font-weight: 400;\">You don\u2019t have the equipment? No problem! We will provide helmets and mini-chaps to protect your calves.<\/span><\/p>\n<p><span style=\"font-weight: 400;\">Wear comfortable pants or jeans, boots or shoes with small heels. Depending on the weather, t-shirt, rain jacket, warm jacket.\u00a0<\/span><\/p>\n<p><span style=\"font-weight: 400;\">We will share our passion and our beautiful surroundings, and will answer all your questions.<\/span><\/p>\n<p><span style=\"font-weight: 400;\">During trail rides, spanning from a full day to several days, we will show you the beautiful scenery of our region where we will share a gourmet lunch on a nicely laid table.<\/span><\/p>\n<p><span style=\"font-weight: 400;\">Join us on our full day trail ride in the beautiful St Germain forest ! Have lunch on the terrace of St Germain en Laye Castle.<\/span><\/p>\n<p><span style=\"font-weight: 400;\">For more information on our stables and offers, give us a call: 01 30 53 35 99 or contact us by e-mail: <\/span><a href=\"mailto:contact@horseholidays.fr\"><span style=\"font-weight: 400;\">contact@horseholidays.fr<\/span><\/a><\/p>\n<h2><b>Stables for all level riders<\/b><\/h2>\n<p><span style=\"font-weight: 400;\">Horse Holidays France, stables in the Yvelines offers countless services, such as trail rides, horseback riding week-ends, private lessons for beginners to advanced and confirmed level.<\/span><\/p>\n<p><span style=\"font-weight: 400;\">We believe that our horses&#8217; well being is our top priority. Every horse has their own stall, their own tack stored in our tack room. We manage their diet and their daily exercise according to their needs and grant them a day off weekly.<\/span><\/p>\n<p><span style=\"font-weight: 400;\">Our covered arena will be used for beginner lessons and before going on a trail ride in the park.<\/span><\/p>\n<p><span style=\"font-weight: 400;\">The more experienced riders will be taught in the large arenas near the racing track ! Easily accessible through a direct riding path.<\/span><\/p>\n<ul>\n<li><span style=\"font-weight: 400;\"><a href=\"https:\/\/www.horseholidaysfrance.com\/en\/discovery-walk\/\">Discovery walk<\/a> suits riders with little experience and for those who had never been on a horse before. <\/span><\/li>\n<li><a href=\"https:\/\/www.horseholidaysfrance.com\/en\/product-en\/evolution-trek\/\">Evolution trek<\/a> works for intermediate riders.<\/li>\n<li><a href=\"https:\/\/www.horseholidaysfrance.com\/en\/product-en\/xplore-trek\/\">Xplore trek<\/a> will satisfy the experienced riders.<\/li>\n<\/ul>\n<p><span style=\"font-weight: 400;\">In our stables you will appreciate a delightful experience with your horse ! Enjoy your ride on the trail paths in Maisons Laffitte.<\/span><\/p>\n<p><span style=\"font-weight: 400;\">Do not hesitate to contact us for more information, by phone or via our contact form. We will answer your request asap.<\/span><\/p>\n","protected":false},"excerpt":{"rendered":"<p>Horse Holidays, horse stables in Maisons Laffitte Looking for a place to ride in Maisons Laffitte? Horse Holidays France offers a wide range of equestrian activities. From the novice to the most confirmed rider, you will find anything you need to fulfill your expectations \/ needs. Located close to Paris, Horse Holidays France offers a [&hellip;]<\/p>\n","protected":false},"author":23,"featured_media":0,"parent":0,"menu_order":0,"comment_status":"closed","ping_status":"closed","template":"","meta":{"_acf_changed":false,"footnotes":""},"class_list":["post-20360","page","type-page","status-publish","hentry"],"acf":[],"yoast_head":"<!-- This site is optimized with the Yoast SEO plugin v27.4 - https:\/\/yoast.com\/product\/yoast-seo-wordpress\/ -->\n<title>Horse Holidays, horse stables in Maisons Laffitte | Horse Holidays France<\/title>\n<meta name=\"description\" content=\"Horse Holidays France, stables in the Yvelines offers countless services, such as trail rides, horseback riding week-ends, ...\" \/>\n<meta name=\"robots\" content=\"index, follow, max-snippet:-1, max-image-preview:large, max-video-preview:-1\" \/>\n<link rel=\"canonical\" href=\"https:\/\/www.horseholidaysfrance.com\/en\/horse-holidays-horse-stables-in-maisons-laffitte\/\" \/>\n<meta property=\"og:locale\" content=\"en_US\" \/>\n<meta property=\"og:type\" content=\"article\" \/>\n<meta property=\"og:title\" content=\"Horse Holidays, horse stables in Maisons Laffitte | Horse Holidays France\" \/>\n<meta property=\"og:description\" content=\"Horse Holidays France, stables in the Yvelines offers countless services, such as trail rides, horseback riding week-ends, ...\" \/>\n<meta property=\"og:url\" content=\"https:\/\/www.horseholidaysfrance.com\/en\/horse-holidays-horse-stables-in-maisons-laffitte\/\" \/>\n<meta property=\"og:site_name\" content=\"Horse Holidays Createur de sejours equestres sur mesure\" \/>\n<meta property=\"article:publisher\" content=\"https:\/\/www.facebook.com\/horse.fr\/\" \/>\n<meta property=\"article:modified_time\" content=\"2022-02-04T08:59:45+00:00\" \/>\n<meta name=\"twitter:card\" content=\"summary_large_image\" \/>\n<meta name=\"twitter:label1\" content=\"Est. reading time\" \/>\n\t<meta name=\"twitter:data1\" content=\"4 minutes\" \/>\n<script type=\"application\/ld+json\" class=\"yoast-schema-graph\">{\"@context\":\"https:\\\/\\\/schema.org\",\"@graph\":[{\"@type\":\"WebPage\",\"@id\":\"https:\\\/\\\/www.horseholidaysfrance.com\\\/en\\\/horse-holidays-horse-stables-in-maisons-laffitte\\\/\",\"url\":\"https:\\\/\\\/www.horseholidaysfrance.com\\\/en\\\/horse-holidays-horse-stables-in-maisons-laffitte\\\/\",\"name\":\"Horse Holidays, horse stables in Maisons Laffitte | Horse Holidays France\",\"isPartOf\":{\"@id\":\"https:\\\/\\\/www.horseholidaysfrance.com\\\/#website\"},\"datePublished\":\"2022-02-04T08:55:23+00:00\",\"dateModified\":\"2022-02-04T08:59:45+00:00\",\"description\":\"Horse Holidays France, stables in the Yvelines offers countless services, such as trail rides, horseback riding week-ends, ...\",\"breadcrumb\":{\"@id\":\"https:\\\/\\\/www.horseholidaysfrance.com\\\/en\\\/horse-holidays-horse-stables-in-maisons-laffitte\\\/#breadcrumb\"},\"inLanguage\":\"en-US\",\"potentialAction\":[{\"@type\":\"ReadAction\",\"target\":[\"https:\\\/\\\/www.horseholidaysfrance.com\\\/en\\\/horse-holidays-horse-stables-in-maisons-laffitte\\\/\"]}]},{\"@type\":\"BreadcrumbList\",\"@id\":\"https:\\\/\\\/www.horseholidaysfrance.com\\\/en\\\/horse-holidays-horse-stables-in-maisons-laffitte\\\/#breadcrumb\",\"itemListElement\":[{\"@type\":\"ListItem\",\"position\":1,\"name\":\"Accueil\",\"item\":\"https:\\\/\\\/www.horseholidaysfrance.com\\\/en\\\/home-2-2-2\\\/\"},{\"@type\":\"ListItem\",\"position\":2,\"name\":\"Horse Holidays, horse stables in Maisons Laffitte\"}]},{\"@type\":\"WebSite\",\"@id\":\"https:\\\/\\\/www.horseholidaysfrance.com\\\/#website\",\"url\":\"https:\\\/\\\/www.horseholidaysfrance.com\\\/\",\"name\":\"Horse Holidays Createur de sejours equestres sur mesure\",\"description\":\"Cr\u00e9ateur de s\u00e9jours \u00e9questres sur mesure\",\"publisher\":{\"@id\":\"https:\\\/\\\/www.horseholidaysfrance.com\\\/#organization\"},\"potentialAction\":[{\"@type\":\"SearchAction\",\"target\":{\"@type\":\"EntryPoint\",\"urlTemplate\":\"https:\\\/\\\/www.horseholidaysfrance.com\\\/?s={search_term_string}\"},\"query-input\":{\"@type\":\"PropertyValueSpecification\",\"valueRequired\":true,\"valueName\":\"search_term_string\"}}],\"inLanguage\":\"en-US\"},{\"@type\":\"Organization\",\"@id\":\"https:\\\/\\\/www.horseholidaysfrance.com\\\/#organization\",\"name\":\"Horse Holidays France\",\"url\":\"https:\\\/\\\/www.horseholidaysfrance.com\\\/\",\"logo\":{\"@type\":\"ImageObject\",\"inLanguage\":\"en-US\",\"@id\":\"https:\\\/\\\/www.horseholidaysfrance.com\\\/#\\\/schema\\\/logo\\\/image\\\/\",\"url\":\"https:\\\/\\\/www.horseholidaysfrance.com\\\/wp-content\\\/uploads\\\/2017\\\/01\\\/HHF-loga-fr.jpg\",\"contentUrl\":\"https:\\\/\\\/www.horseholidaysfrance.com\\\/wp-content\\\/uploads\\\/2017\\\/01\\\/HHF-loga-fr.jpg\",\"width\":524,\"height\":183,\"caption\":\"Horse Holidays France\"},\"image\":{\"@id\":\"https:\\\/\\\/www.horseholidaysfrance.com\\\/#\\\/schema\\\/logo\\\/image\\\/\"},\"sameAs\":[\"https:\\\/\\\/www.facebook.com\\\/horse.fr\\\/\",\"https:\\\/\\\/www.linkedin.com\\\/company\\\/horse-holidays-france?report_success=6vo3TCkCS1-Q3MQSXyAa5EmbyooXt_JHF4gI-SlS5O9Glwt8CaN1ZzdSFMOjqCEC4tgoZJl1pOO90MRDlW9NQp\"]}]}<\/script>\n<!-- \/ Yoast SEO plugin. -->","yoast_head_json":{"title":"Horse Holidays, horse stables in Maisons Laffitte | Horse Holidays France","description":"Horse Holidays France, stables in the Yvelines offers countless services, such as trail rides, horseback riding week-ends, ...","robots":{"index":"index","follow":"follow","max-snippet":"max-snippet:-1","max-image-preview":"max-image-preview:large","max-video-preview":"max-video-preview:-1"},"canonical":"https:\/\/www.horseholidaysfrance.com\/en\/horse-holidays-horse-stables-in-maisons-laffitte\/","og_locale":"en_US","og_type":"article","og_title":"Horse Holidays, horse stables in Maisons Laffitte | Horse Holidays France","og_description":"Horse Holidays France, stables in the Yvelines offers countless services, such as trail rides, horseback riding week-ends, ...","og_url":"https:\/\/www.horseholidaysfrance.com\/en\/horse-holidays-horse-stables-in-maisons-laffitte\/","og_site_name":"Horse Holidays Createur de sejours equestres sur mesure","article_publisher":"https:\/\/www.facebook.com\/horse.fr\/","article_modified_time":"2022-02-04T08:59:45+00:00","twitter_card":"summary_large_image","twitter_misc":{"Est. reading time":"4 minutes"},"schema":{"@context":"https:\/\/schema.org","@graph":[{"@type":"WebPage","@id":"https:\/\/www.horseholidaysfrance.com\/en\/horse-holidays-horse-stables-in-maisons-laffitte\/","url":"https:\/\/www.horseholidaysfrance.com\/en\/horse-holidays-horse-stables-in-maisons-laffitte\/","name":"Horse Holidays, horse stables in Maisons Laffitte | Horse Holidays France","isPartOf":{"@id":"https:\/\/www.horseholidaysfrance.com\/#website"},"datePublished":"2022-02-04T08:55:23+00:00","dateModified":"2022-02-04T08:59:45+00:00","description":"Horse Holidays France, stables in the Yvelines offers countless services, such as trail rides, horseback riding week-ends, ...","breadcrumb":{"@id":"https:\/\/www.horseholidaysfrance.com\/en\/horse-holidays-horse-stables-in-maisons-laffitte\/#breadcrumb"},"inLanguage":"en-US","potentialAction":[{"@type":"ReadAction","target":["https:\/\/www.horseholidaysfrance.com\/en\/horse-holidays-horse-stables-in-maisons-laffitte\/"]}]},{"@type":"BreadcrumbList","@id":"https:\/\/www.horseholidaysfrance.com\/en\/horse-holidays-horse-stables-in-maisons-laffitte\/#breadcrumb","itemListElement":[{"@type":"ListItem","position":1,"name":"Accueil","item":"https:\/\/www.horseholidaysfrance.com\/en\/home-2-2-2\/"},{"@type":"ListItem","position":2,"name":"Horse Holidays, horse stables in Maisons Laffitte"}]},{"@type":"WebSite","@id":"https:\/\/www.horseholidaysfrance.com\/#website","url":"https:\/\/www.horseholidaysfrance.com\/","name":"Horse Holidays Createur de sejours equestres sur mesure","description":"Cr\u00e9ateur de s\u00e9jours \u00e9questres sur mesure","publisher":{"@id":"https:\/\/www.horseholidaysfrance.com\/#organization"},"potentialAction":[{"@type":"SearchAction","target":{"@type":"EntryPoint","urlTemplate":"https:\/\/www.horseholidaysfrance.com\/?s={search_term_string}"},"query-input":{"@type":"PropertyValueSpecification","valueRequired":true,"valueName":"search_term_string"}}],"inLanguage":"en-US"},{"@type":"Organization","@id":"https:\/\/www.horseholidaysfrance.com\/#organization","name":"Horse Holidays France","url":"https:\/\/www.horseholidaysfrance.com\/","logo":{"@type":"ImageObject","inLanguage":"en-US","@id":"https:\/\/www.horseholidaysfrance.com\/#\/schema\/logo\/image\/","url":"https:\/\/www.horseholidaysfrance.com\/wp-content\/uploads\/2017\/01\/HHF-loga-fr.jpg","contentUrl":"https:\/\/www.horseholidaysfrance.com\/wp-content\/uploads\/2017\/01\/HHF-loga-fr.jpg","width":524,"height":183,"caption":"Horse Holidays France"},"image":{"@id":"https:\/\/www.horseholidaysfrance.com\/#\/schema\/logo\/image\/"},"sameAs":["https:\/\/www.facebook.com\/horse.fr\/","https:\/\/www.linkedin.com\/company\/horse-holidays-france?report_success=6vo3TCkCS1-Q3MQSXyAa5EmbyooXt_JHF4gI-SlS5O9Glwt8CaN1ZzdSFMOjqCEC4tgoZJl1pOO90MRDlW9NQp"]}]}},"_links":{"self":[{"href":"https:\/\/www.horseholidaysfrance.com\/en\/wp-json\/wp\/v2\/pages\/20360","targetHints":{"allow":["GET"]}}],"collection":[{"href":"https:\/\/www.horseholidaysfrance.com\/en\/wp-json\/wp\/v2\/pages"}],"about":[{"href":"https:\/\/www.horseholidaysfrance.com\/en\/wp-json\/wp\/v2\/types\/page"}],"author":[{"embeddable":true,"href":"https:\/\/www.horseholidaysfrance.com\/en\/wp-json\/wp\/v2\/users\/23"}],"replies":[{"embeddable":true,"href":"https:\/\/www.horseholidaysfrance.com\/en\/wp-json\/wp\/v2\/comments?post=20360"}],"version-history":[{"count":4,"href":"https:\/\/www.horseholidaysfrance.com\/en\/wp-json\/wp\/v2\/pages\/20360\/revisions"}],"predecessor-version":[{"id":20363,"href":"https:\/\/www.horseholidaysfrance.com\/en\/wp-json\/wp\/v2\/pages\/20360\/revisions\/20363"}],"wp:attachment":[{"href":"https:\/\/www.horseholidaysfrance.com\/en\/wp-json\/wp\/v2\/media?parent=20360"}],"curies":[{"name":"wp","href":"https:\/\/api.w.org\/{rel}","templated":true}]}}