{"id":2501,"date":"2017-10-23T16:19:21","date_gmt":"2017-10-23T16:19:21","guid":{"rendered":"https:\/\/horseholidays.webisinther.com\/?page_id=2501"},"modified":"2023-09-14T09:56:18","modified_gmt":"2023-09-14T09:56:18","slug":"about-us","status":"publish","type":"page","link":"https:\/\/www.horseholidaysfrance.com\/en\/about-us\/","title":{"rendered":"About us"},"content":{"rendered":"<h1 class=\"entry-title\">Horse Holidays France,<br \/>\nCreator of customized equestrian experiences<\/h1>\n<p><strong>Horse Holidays France offers a wide range of equestrian activities and events in the heart of the \u201cCity of Horses\u201d, Maisons-Laffitte. From the novice to the most confirmed, with friends or for a business seminar, discover the forest of Saint-Germain-en-Laye and its surroundings!<\/strong><\/p>\n<p><img loading=\"lazy\" decoding=\"async\" class=\"wp-image-2152 size-medium alignleft\" src=\"https:\/\/www.horseholidaysfrance.com\/wp-content\/uploads\/2016\/10\/Photo-Site-Anna-Geist-9929-300x200.jpg\" alt=\"photo-site-anna-geist-9929\" width=\"300\" height=\"200\" srcset=\"https:\/\/www.horseholidaysfrance.com\/wp-content\/uploads\/2016\/10\/Photo-Site-Anna-Geist-9929-300x200.jpg 300w, https:\/\/www.horseholidaysfrance.com\/wp-content\/uploads\/2016\/10\/Photo-Site-Anna-Geist-9929-768x512.jpg 768w, https:\/\/www.horseholidaysfrance.com\/wp-content\/uploads\/2016\/10\/Photo-Site-Anna-Geist-9929-1030x687.jpg 1030w, https:\/\/www.horseholidaysfrance.com\/wp-content\/uploads\/2016\/10\/Photo-Site-Anna-Geist-9929-705x470.jpg 705w, https:\/\/www.horseholidaysfrance.com\/wp-content\/uploads\/2016\/10\/Photo-Site-Anna-Geist-9929-450x300.jpg 450w, https:\/\/www.horseholidaysfrance.com\/wp-content\/uploads\/2016\/10\/Photo-Site-Anna-Geist-9929.jpg 1200w\" sizes=\"auto, (max-width: 300px) 100vw, 300px\" \/><\/p>\n<p>&#8220;Rider since the age of eight, a lover of horses and nature, I have been working in the tourism, training and consulting sectors for 30 years. Fascinated by Maisons-Laffitte and our beautiful region I would be delighted to introduce you to Maisons-Laffitte, and the Saint-Germain-en-Laye forest \u2013 two exceptional historic sites imbued with centuries-old equestrian culture. I am a certified riding instructor and trail riding guide.&#8221;<\/p>\n<p><strong>Welcome !<br \/>\nAnna Geist, Founder and President<\/strong><\/p>\n<p>&nbsp;<\/p>\n<p>&nbsp;<\/p>\n<p><img loading=\"lazy\" decoding=\"async\" class=\"wp-image-2236 size-full alignright\" src=\"https:\/\/www.horseholidaysfrance.com\/wp-content\/uploads\/2016\/10\/Decouvrez-Maisons-Laffitte.jpg\" alt=\"discover-maisons-laffitte\" width=\"350\" height=\"241\" srcset=\"https:\/\/www.horseholidaysfrance.com\/wp-content\/uploads\/2016\/10\/Decouvrez-Maisons-Laffitte.jpg 350w, https:\/\/www.horseholidaysfrance.com\/wp-content\/uploads\/2016\/10\/Decouvrez-Maisons-Laffitte-300x207.jpg 300w\" sizes=\"auto, (max-width: 350px) 100vw, 350px\" \/><\/p>\n<p><strong> Discover the City of Horses, Maisons-Laffitte, on horseback!<\/strong><br \/>\nJust half an hour from Paris, the Maisons-Laffitte park boasts a remarkable history and special status, with its wooded expanses crisscrossed by bridle paths, along which you can see purebred English steeds on their way to training, and all kinds of horses whose riders rub shoulders daily in a friendly and welcoming atmosphere.<\/p>\n<p>The park borders the immense forest of Saint-Germain, with its magnificent ancient trees and 65 kilometres of bridle paths. Abounding in game, this hunting area once belonged to the kings of France and is now home to deer, squirrels, foxes and boar.<\/p>\n<p>Follow in the footsteps of the kings on a ride along the bridle paths which cross in a star formation, and admire the perspectives and historic heritage: the wall of the Saint S\u00e9bastien fort, which once served as Louis XIV\u2019s army training camp, the old gateways into the domain, the Pavilion de la Muette, which was once the hunting lodge of Louis XV, Napoleon 1st and Napoleon 3rd, the Croix de Noailles\u2026<\/p>\n<h2><\/h2>\n<h2><span style=\"font-weight: 400;\">Quality Labels\u00a0<\/span><\/h2>\n<p><span style=\"font-weight: 400;\">We are proud to announce that TWO quality labels have been given\/attributed to Horse Holidays France.\u00a0<\/span><\/p>\n<h3><strong>\u201cEQUESTRIAN TOURISM CENTER\u201d label\u00a0<\/strong><\/h3>\n<p><img loading=\"lazy\" decoding=\"async\" class=\"alignright wp-image-21165\" src=\"https:\/\/www.horseholidaysfrance.com\/wp-content\/uploads\/2022\/04\/IMG-9163-348x500.jpg\" alt=\"\" width=\"212\" height=\"305\" srcset=\"https:\/\/www.horseholidaysfrance.com\/wp-content\/uploads\/2022\/04\/IMG-9163-348x500.jpg 348w, https:\/\/www.horseholidaysfrance.com\/wp-content\/uploads\/2022\/04\/IMG-9163-716x1030.jpg 716w, https:\/\/www.horseholidaysfrance.com\/wp-content\/uploads\/2022\/04\/IMG-9163-768x1105.jpg 768w, https:\/\/www.horseholidaysfrance.com\/wp-content\/uploads\/2022\/04\/IMG-9163-490x705.jpg 490w, https:\/\/www.horseholidaysfrance.com\/wp-content\/uploads\/2022\/04\/IMG-9163-450x647.jpg 450w, https:\/\/www.horseholidaysfrance.com\/wp-content\/uploads\/2022\/04\/IMG-9163.jpg 828w\" sizes=\"auto, (max-width: 212px) 100vw, 212px\" \/><\/p>\n<p><span style=\"font-weight: 400;\">Quality commitments:\u00a0<\/span><\/p>\n<p>&#8211; An organised and attentive reception<\/p>\n<p><span style=\"font-weight: 400;\">&#8211; Adapted activity structures\u00a0<\/span><\/p>\n<p><span style=\"font-weight: 400;\">&#8211; Well treated horses and ponies\u00a0<\/span><\/p>\n<p><span style=\"font-weight: 400;\">&#8211; A professional account of your safety\u00a0<\/span><\/p>\n<p><span style=\"font-weight: 400;\">&#8211; A personalised equine\/equitation experience\u00a0<\/span><\/p>\n<p><span style=\"font-weight: 400;\">&#8211; (A) qualified and certified guidance\/staff\u00a0<\/span><\/p>\n<p><span style=\"font-weight: 400;\">These commitments are broken down into 33 criteria observed during FFE audits.<\/span><\/p>\n<h3><strong>\u201cANIMAL WELLBEING\u201d label\u00a0<\/strong><\/h3>\n<p><span style=\"font-weight: 400;\">This label identifies the establishments that have chosen to register in a specialised measure concerning animal well<\/span><\/p>\n<p><img loading=\"lazy\" decoding=\"async\" class=\"alignright wp-image-27365\" src=\"https:\/\/www.horseholidaysfrance.com\/wp-content\/uploads\/2023\/09\/Certifie-bien-etre-animal-2023.jpg\" alt=\"bien \u00eatre des chevaux\" width=\"212\" height=\"307\" \/><\/p>\n<p><span style=\"font-weight: 400;\">\u00a0being.\u00a0<\/span><\/p>\n<p><span style=\"font-weight: 400;\">It is offered to establishments already enlisted in the FFE quality commitments program. A complementary 15 criteria system is required for this label within the FFE quality commitments program.\u00a0<\/span><\/p>\n<p><span style=\"font-weight: 400;\">The French Equestrian Federation (FFE) wishes to accompany pony clubs and equestrian centers and highlight their commitment to animal well being, beyond what is legally required in this area.\u00a0<\/span><\/p>\n<p><span style=\"font-weight: 400;\">Obtaining this label is recognition of our work and every day efforts in taking good care of our horses and giving them a comfortable life.<\/span><\/p>\n","protected":false},"excerpt":{"rendered":"<p>Horse Holidays France, Creator of customized equestrian experiences Horse Holidays France offers a wide range of equestrian activities and events in the heart of the \u201cCity of Horses\u201d, Maisons-Laffitte. From the novice to the most confirmed, with friends or for a business seminar, discover the forest of Saint-Germain-en-Laye and its surroundings! &#8220;Rider since the age [&hellip;]<\/p>\n","protected":false},"author":2,"featured_media":0,"parent":0,"menu_order":0,"comment_status":"closed","ping_status":"closed","template":"","meta":{"_acf_changed":false,"footnotes":""},"class_list":["post-2501","page","type-page","status-publish","hentry"],"acf":[],"yoast_head":"<!-- This site is optimized with the Yoast SEO plugin v27.4 - https:\/\/yoast.com\/product\/yoast-seo-wordpress\/ -->\n<title>About us - Discover Horse Holidays France in Maisons-Laffitte<\/title>\n<meta name=\"description\" content=\"As experts in leading horseback trail rides, we offer a variety of treks to suit all levels of experience. We have a team of horses of different sizes and breeds to fulfill different requirements.\" \/>\n<meta name=\"robots\" content=\"index, follow, max-snippet:-1, max-image-preview:large, max-video-preview:-1\" \/>\n<link rel=\"canonical\" href=\"https:\/\/www.horseholidaysfrance.com\/en\/about-us\/\" \/>\n<meta property=\"og:locale\" content=\"en_US\" \/>\n<meta property=\"og:type\" content=\"article\" \/>\n<meta property=\"og:title\" content=\"About us - Discover Horse Holidays France in Maisons-Laffitte\" \/>\n<meta property=\"og:description\" content=\"As experts in leading horseback trail rides, we offer a variety of treks to suit all levels of experience. We have a team of horses of different sizes and breeds to fulfill different requirements.\" \/>\n<meta property=\"og:url\" content=\"https:\/\/www.horseholidaysfrance.com\/en\/about-us\/\" \/>\n<meta property=\"og:site_name\" content=\"Horse Holidays Createur de sejours equestres sur mesure\" \/>\n<meta property=\"article:publisher\" content=\"https:\/\/www.facebook.com\/horse.fr\/\" \/>\n<meta property=\"article:modified_time\" content=\"2023-09-14T09:56:18+00:00\" \/>\n<meta property=\"og:image\" content=\"https:\/\/www.horseholidaysfrance.com\/wp-content\/uploads\/2016\/10\/Photo-Site-Anna-Geist-9929-300x200.jpg\" \/>\n<meta name=\"twitter:card\" content=\"summary_large_image\" \/>\n<meta name=\"twitter:label1\" content=\"Est. reading time\" \/>\n\t<meta name=\"twitter:data1\" content=\"4 minutes\" \/>\n<script type=\"application\/ld+json\" class=\"yoast-schema-graph\">{\"@context\":\"https:\\\/\\\/schema.org\",\"@graph\":[{\"@type\":\"WebPage\",\"@id\":\"https:\\\/\\\/www.horseholidaysfrance.com\\\/en\\\/about-us\\\/\",\"url\":\"https:\\\/\\\/www.horseholidaysfrance.com\\\/en\\\/about-us\\\/\",\"name\":\"About us - Discover Horse Holidays France in Maisons-Laffitte\",\"isPartOf\":{\"@id\":\"https:\\\/\\\/www.horseholidaysfrance.com\\\/#website\"},\"primaryImageOfPage\":{\"@id\":\"https:\\\/\\\/www.horseholidaysfrance.com\\\/en\\\/about-us\\\/#primaryimage\"},\"image\":{\"@id\":\"https:\\\/\\\/www.horseholidaysfrance.com\\\/en\\\/about-us\\\/#primaryimage\"},\"thumbnailUrl\":\"https:\\\/\\\/www.horseholidaysfrance.com\\\/wp-content\\\/uploads\\\/2016\\\/10\\\/Photo-Site-Anna-Geist-9929-300x200.jpg\",\"datePublished\":\"2017-10-23T16:19:21+00:00\",\"dateModified\":\"2023-09-14T09:56:18+00:00\",\"description\":\"As experts in leading horseback trail rides, we offer a variety of treks to suit all levels of experience. We have a team of horses of different sizes and breeds to fulfill different requirements.\",\"breadcrumb\":{\"@id\":\"https:\\\/\\\/www.horseholidaysfrance.com\\\/en\\\/about-us\\\/#breadcrumb\"},\"inLanguage\":\"en-US\",\"potentialAction\":[{\"@type\":\"ReadAction\",\"target\":[\"https:\\\/\\\/www.horseholidaysfrance.com\\\/en\\\/about-us\\\/\"]}]},{\"@type\":\"ImageObject\",\"inLanguage\":\"en-US\",\"@id\":\"https:\\\/\\\/www.horseholidaysfrance.com\\\/en\\\/about-us\\\/#primaryimage\",\"url\":\"https:\\\/\\\/www.horseholidaysfrance.com\\\/wp-content\\\/uploads\\\/2016\\\/10\\\/Photo-Site-Anna-Geist-9929-300x200.jpg\",\"contentUrl\":\"https:\\\/\\\/www.horseholidaysfrance.com\\\/wp-content\\\/uploads\\\/2016\\\/10\\\/Photo-Site-Anna-Geist-9929-300x200.jpg\"},{\"@type\":\"BreadcrumbList\",\"@id\":\"https:\\\/\\\/www.horseholidaysfrance.com\\\/en\\\/about-us\\\/#breadcrumb\",\"itemListElement\":[{\"@type\":\"ListItem\",\"position\":1,\"name\":\"Accueil\",\"item\":\"https:\\\/\\\/www.horseholidaysfrance.com\\\/en\\\/home-2-2-2\\\/\"},{\"@type\":\"ListItem\",\"position\":2,\"name\":\"About us\"}]},{\"@type\":\"WebSite\",\"@id\":\"https:\\\/\\\/www.horseholidaysfrance.com\\\/#website\",\"url\":\"https:\\\/\\\/www.horseholidaysfrance.com\\\/\",\"name\":\"Horse Holidays Createur de sejours equestres sur mesure\",\"description\":\"Cr\u00e9ateur de s\u00e9jours \u00e9questres sur mesure\",\"publisher\":{\"@id\":\"https:\\\/\\\/www.horseholidaysfrance.com\\\/#organization\"},\"potentialAction\":[{\"@type\":\"SearchAction\",\"target\":{\"@type\":\"EntryPoint\",\"urlTemplate\":\"https:\\\/\\\/www.horseholidaysfrance.com\\\/?s={search_term_string}\"},\"query-input\":{\"@type\":\"PropertyValueSpecification\",\"valueRequired\":true,\"valueName\":\"search_term_string\"}}],\"inLanguage\":\"en-US\"},{\"@type\":\"Organization\",\"@id\":\"https:\\\/\\\/www.horseholidaysfrance.com\\\/#organization\",\"name\":\"Horse Holidays France\",\"url\":\"https:\\\/\\\/www.horseholidaysfrance.com\\\/\",\"logo\":{\"@type\":\"ImageObject\",\"inLanguage\":\"en-US\",\"@id\":\"https:\\\/\\\/www.horseholidaysfrance.com\\\/#\\\/schema\\\/logo\\\/image\\\/\",\"url\":\"https:\\\/\\\/www.horseholidaysfrance.com\\\/wp-content\\\/uploads\\\/2017\\\/01\\\/HHF-loga-fr.jpg\",\"contentUrl\":\"https:\\\/\\\/www.horseholidaysfrance.com\\\/wp-content\\\/uploads\\\/2017\\\/01\\\/HHF-loga-fr.jpg\",\"width\":524,\"height\":183,\"caption\":\"Horse Holidays France\"},\"image\":{\"@id\":\"https:\\\/\\\/www.horseholidaysfrance.com\\\/#\\\/schema\\\/logo\\\/image\\\/\"},\"sameAs\":[\"https:\\\/\\\/www.facebook.com\\\/horse.fr\\\/\",\"https:\\\/\\\/www.linkedin.com\\\/company\\\/horse-holidays-france?report_success=6vo3TCkCS1-Q3MQSXyAa5EmbyooXt_JHF4gI-SlS5O9Glwt8CaN1ZzdSFMOjqCEC4tgoZJl1pOO90MRDlW9NQp\"]}]}<\/script>\n<!-- \/ Yoast SEO plugin. -->","yoast_head_json":{"title":"About us - Discover Horse Holidays France in Maisons-Laffitte","description":"As experts in leading horseback trail rides, we offer a variety of treks to suit all levels of experience. We have a team of horses of different sizes and breeds to fulfill different requirements.","robots":{"index":"index","follow":"follow","max-snippet":"max-snippet:-1","max-image-preview":"max-image-preview:large","max-video-preview":"max-video-preview:-1"},"canonical":"https:\/\/www.horseholidaysfrance.com\/en\/about-us\/","og_locale":"en_US","og_type":"article","og_title":"About us - Discover Horse Holidays France in Maisons-Laffitte","og_description":"As experts in leading horseback trail rides, we offer a variety of treks to suit all levels of experience. We have a team of horses of different sizes and breeds to fulfill different requirements.","og_url":"https:\/\/www.horseholidaysfrance.com\/en\/about-us\/","og_site_name":"Horse Holidays Createur de sejours equestres sur mesure","article_publisher":"https:\/\/www.facebook.com\/horse.fr\/","article_modified_time":"2023-09-14T09:56:18+00:00","og_image":[{"url":"https:\/\/www.horseholidaysfrance.com\/wp-content\/uploads\/2016\/10\/Photo-Site-Anna-Geist-9929-300x200.jpg","type":"","width":"","height":""}],"twitter_card":"summary_large_image","twitter_misc":{"Est. reading time":"4 minutes"},"schema":{"@context":"https:\/\/schema.org","@graph":[{"@type":"WebPage","@id":"https:\/\/www.horseholidaysfrance.com\/en\/about-us\/","url":"https:\/\/www.horseholidaysfrance.com\/en\/about-us\/","name":"About us - Discover Horse Holidays France in Maisons-Laffitte","isPartOf":{"@id":"https:\/\/www.horseholidaysfrance.com\/#website"},"primaryImageOfPage":{"@id":"https:\/\/www.horseholidaysfrance.com\/en\/about-us\/#primaryimage"},"image":{"@id":"https:\/\/www.horseholidaysfrance.com\/en\/about-us\/#primaryimage"},"thumbnailUrl":"https:\/\/www.horseholidaysfrance.com\/wp-content\/uploads\/2016\/10\/Photo-Site-Anna-Geist-9929-300x200.jpg","datePublished":"2017-10-23T16:19:21+00:00","dateModified":"2023-09-14T09:56:18+00:00","description":"As experts in leading horseback trail rides, we offer a variety of treks to suit all levels of experience. We have a team of horses of different sizes and breeds to fulfill different requirements.","breadcrumb":{"@id":"https:\/\/www.horseholidaysfrance.com\/en\/about-us\/#breadcrumb"},"inLanguage":"en-US","potentialAction":[{"@type":"ReadAction","target":["https:\/\/www.horseholidaysfrance.com\/en\/about-us\/"]}]},{"@type":"ImageObject","inLanguage":"en-US","@id":"https:\/\/www.horseholidaysfrance.com\/en\/about-us\/#primaryimage","url":"https:\/\/www.horseholidaysfrance.com\/wp-content\/uploads\/2016\/10\/Photo-Site-Anna-Geist-9929-300x200.jpg","contentUrl":"https:\/\/www.horseholidaysfrance.com\/wp-content\/uploads\/2016\/10\/Photo-Site-Anna-Geist-9929-300x200.jpg"},{"@type":"BreadcrumbList","@id":"https:\/\/www.horseholidaysfrance.com\/en\/about-us\/#breadcrumb","itemListElement":[{"@type":"ListItem","position":1,"name":"Accueil","item":"https:\/\/www.horseholidaysfrance.com\/en\/home-2-2-2\/"},{"@type":"ListItem","position":2,"name":"About us"}]},{"@type":"WebSite","@id":"https:\/\/www.horseholidaysfrance.com\/#website","url":"https:\/\/www.horseholidaysfrance.com\/","name":"Horse Holidays Createur de sejours equestres sur mesure","description":"Cr\u00e9ateur de s\u00e9jours \u00e9questres sur mesure","publisher":{"@id":"https:\/\/www.horseholidaysfrance.com\/#organization"},"potentialAction":[{"@type":"SearchAction","target":{"@type":"EntryPoint","urlTemplate":"https:\/\/www.horseholidaysfrance.com\/?s={search_term_string}"},"query-input":{"@type":"PropertyValueSpecification","valueRequired":true,"valueName":"search_term_string"}}],"inLanguage":"en-US"},{"@type":"Organization","@id":"https:\/\/www.horseholidaysfrance.com\/#organization","name":"Horse Holidays France","url":"https:\/\/www.horseholidaysfrance.com\/","logo":{"@type":"ImageObject","inLanguage":"en-US","@id":"https:\/\/www.horseholidaysfrance.com\/#\/schema\/logo\/image\/","url":"https:\/\/www.horseholidaysfrance.com\/wp-content\/uploads\/2017\/01\/HHF-loga-fr.jpg","contentUrl":"https:\/\/www.horseholidaysfrance.com\/wp-content\/uploads\/2017\/01\/HHF-loga-fr.jpg","width":524,"height":183,"caption":"Horse Holidays France"},"image":{"@id":"https:\/\/www.horseholidaysfrance.com\/#\/schema\/logo\/image\/"},"sameAs":["https:\/\/www.facebook.com\/horse.fr\/","https:\/\/www.linkedin.com\/company\/horse-holidays-france?report_success=6vo3TCkCS1-Q3MQSXyAa5EmbyooXt_JHF4gI-SlS5O9Glwt8CaN1ZzdSFMOjqCEC4tgoZJl1pOO90MRDlW9NQp"]}]}},"_links":{"self":[{"href":"https:\/\/www.horseholidaysfrance.com\/en\/wp-json\/wp\/v2\/pages\/2501","targetHints":{"allow":["GET"]}}],"collection":[{"href":"https:\/\/www.horseholidaysfrance.com\/en\/wp-json\/wp\/v2\/pages"}],"about":[{"href":"https:\/\/www.horseholidaysfrance.com\/en\/wp-json\/wp\/v2\/types\/page"}],"author":[{"embeddable":true,"href":"https:\/\/www.horseholidaysfrance.com\/en\/wp-json\/wp\/v2\/users\/2"}],"replies":[{"embeddable":true,"href":"https:\/\/www.horseholidaysfrance.com\/en\/wp-json\/wp\/v2\/comments?post=2501"}],"version-history":[{"count":3,"href":"https:\/\/www.horseholidaysfrance.com\/en\/wp-json\/wp\/v2\/pages\/2501\/revisions"}],"predecessor-version":[{"id":27367,"href":"https:\/\/www.horseholidaysfrance.com\/en\/wp-json\/wp\/v2\/pages\/2501\/revisions\/27367"}],"wp:attachment":[{"href":"https:\/\/www.horseholidaysfrance.com\/en\/wp-json\/wp\/v2\/media?parent=2501"}],"curies":[{"name":"wp","href":"https:\/\/api.w.org\/{rel}","templated":true}]}}