{"id":5723,"date":"2018-04-18T17:43:19","date_gmt":"2018-04-18T17:43:19","guid":{"rendered":"https:\/\/horseholidays.webisinther.com\/faqs\/"},"modified":"2020-04-17T14:01:17","modified_gmt":"2020-04-17T14:01:17","slug":"faqs","status":"publish","type":"page","link":"https:\/\/www.horseholidaysfrance.com\/en\/faqs\/","title":{"rendered":"FAQs"},"content":{"rendered":"\n<style type=\"text\/css\" data-created_by=\"avia_inline_auto\" id=\"style-css-av-av_heading-ff5203b34ec1e0d7e2913c0384595fca\">\n#top .av-special-heading.av-av_heading-ff5203b34ec1e0d7e2913c0384595fca{\npadding-bottom:10px;\nfont-size:26px;\n}\nbody .av-special-heading.av-av_heading-ff5203b34ec1e0d7e2913c0384595fca .av-special-heading-tag .heading-char{\nfont-size:25px;\n}\n#top #wrap_all .av-special-heading.av-av_heading-ff5203b34ec1e0d7e2913c0384595fca .av-special-heading-tag{\nfont-size:26px;\n}\n.av-special-heading.av-av_heading-ff5203b34ec1e0d7e2913c0384595fca .av-subheading{\nfont-size:15px;\n}\n\n@media only screen and (min-width: 480px) and (max-width: 767px){ \n#top #wrap_all .av-special-heading.av-av_heading-ff5203b34ec1e0d7e2913c0384595fca .av-special-heading-tag{\nfont-size:0.8em;\n}\n}\n\n@media only screen and (max-width: 479px){ \n#top #wrap_all .av-special-heading.av-av_heading-ff5203b34ec1e0d7e2913c0384595fca .av-special-heading-tag{\nfont-size:0.8em;\n}\n}\n<\/style>\n<div  class='av-special-heading av-av_heading-ff5203b34ec1e0d7e2913c0384595fca av-special-heading-h1 blockquote modern-quote modern-centered  avia-builder-el-0  el_before_av_hr  avia-builder-el-first  av-inherit-size'><h1 class='av-special-heading-tag '  itemprop=\"headline\"  >FAQs &#8211; Frequently Asked Questions<\/h1><div class=\"special-heading-border\"><div class=\"special-heading-inner-border\"><\/div><\/div><\/div>\n<div  class='hr av-5uafa3-b289a56e77763b653dfbdc5394b4d468 hr-short  avia-builder-el-1  el_after_av_heading  el_before_av_textblock  hr-center'><span class='hr-inner '><span class=\"hr-inner-style\"><\/span><\/span><\/div>\n<section  class='av_textblock_section av-joh9f2fe-2ed0bfdd1b4e918ee6a7aa0f8526b252 '   itemscope=\"itemscope\" itemtype=\"https:\/\/schema.org\/CreativeWork\" ><div class='avia_textblock'  itemprop=\"text\" ><h2><img loading=\"lazy\" decoding=\"async\" class=\"size-medium wp-image-653 alignright\" src=\"https:\/\/www.horseholidaysfrance.com\/wp-content\/uploads\/2016\/11\/993-225x300.jpg\" alt=\"\" width=\"225\" height=\"300\" srcset=\"https:\/\/www.horseholidaysfrance.com\/wp-content\/uploads\/2016\/11\/993-225x300.jpg 225w, https:\/\/www.horseholidaysfrance.com\/wp-content\/uploads\/2016\/11\/993-768x1024.jpg 768w, https:\/\/www.horseholidaysfrance.com\/wp-content\/uploads\/2016\/11\/993-773x1030.jpg 773w, https:\/\/www.horseholidaysfrance.com\/wp-content\/uploads\/2016\/11\/993-1125x1500.jpg 1125w, https:\/\/www.horseholidaysfrance.com\/wp-content\/uploads\/2016\/11\/993-529x705.jpg 529w, https:\/\/www.horseholidaysfrance.com\/wp-content\/uploads\/2016\/11\/993-450x600.jpg 450w\" sizes=\"auto, (max-width: 225px) 100vw, 225px\" \/>Can we come if we have never ridden?<\/h2>\n<p>Yes, we will introduce you to riding, preparing and handling your horse safely.<\/p>\n<h2>Can we ride together if we do not have the same level?<\/h2>\n<p>Yes. The advantage of outdoor riding is that everyone can have fun on the back of a suitable horse <a href=\"\/?page_id=2882\">at his personal level<\/a>. The pace of the ride is always adapted to the less experienced rider of the group.<\/p>\n<h2>What riding equipment is needed?<\/h2>\n<p>Remember to dress according to the weather and choose waterproof clothing if the weather forecast is rainy on the day of your hike. Avoid ponchos that &#8220;fly in the wind&#8221; and may frighten horses. We recommend comfortable pants or jeans and shoes with small heels, boots or sneakers, if you have gloves take them. For men ; choose underwear rather than boxer.<\/p>\n<p>The wearing of a riding cap is mandatory. We can lend you riding caps and mini-chaps if you wish.<\/p>\n<p>For multi-day hikes we will send you a more complete list of the equipment at a convenient time before department.<\/p>\n<p><img loading=\"lazy\" decoding=\"async\" class=\"size-medium wp-image-1361 alignright\" src=\"https:\/\/www.horseholidaysfrance.com\/wp-content\/uploads\/2016\/11\/189-300x225.jpg\" alt=\"\" width=\"300\" height=\"225\" srcset=\"https:\/\/www.horseholidaysfrance.com\/wp-content\/uploads\/2016\/11\/189-300x225.jpg 300w, https:\/\/www.horseholidaysfrance.com\/wp-content\/uploads\/2016\/11\/189-768x576.jpg 768w, https:\/\/www.horseholidaysfrance.com\/wp-content\/uploads\/2016\/11\/189-1030x773.jpg 1030w, https:\/\/www.horseholidaysfrance.com\/wp-content\/uploads\/2016\/11\/189-1500x1125.jpg 1500w, https:\/\/www.horseholidaysfrance.com\/wp-content\/uploads\/2016\/11\/189-705x529.jpg 705w, https:\/\/www.horseholidaysfrance.com\/wp-content\/uploads\/2016\/11\/189-450x338.jpg 450w, https:\/\/www.horseholidaysfrance.com\/wp-content\/uploads\/2016\/11\/189-1024x768.jpg 1024w, https:\/\/www.horseholidaysfrance.com\/wp-content\/uploads\/2016\/11\/189-600x450.jpg 600w\" sizes=\"auto, (max-width: 300px) 100vw, 300px\" \/><\/p>\n<h2>Can you come with your family with children?<\/h2>\n<p>It is possible to come with your children from the age of 6 years. We have different type of horses and ponies to satisfy all members of the family. For children under 6 we can recommend good addresses near us.<\/p>\n<h2>Can we organise a private event with horses?<\/h2>\n<p>You want a special event on the occasion of an anniversary, a bachelor party, a business seminar, a wedding, a private equestrian show, an incentive to motivate your teams, an original outing for thank your customers or your collaborators &#8230; Let&#8217;s talk about it! Our teams are full of imagination to create and organise a unique event tailored for you and your guests.<\/p>\n<h2>What type of horses are you providing?<\/h2>\n<p>We are using a variety horses and ponies of different sizes and breeds to satisfy all your desires.<\/p>\n<h2>What is Horse Coaching ?<\/h2>\n<p>Horse coaching is an original, effective and innovative approach to improve the relationship with and between your teams. A free horse serves as a mirror of your non-verbal language.<br \/>\nThe horse is a &#8220;perfect coach&#8221; because he acts &#8211; instantly and faithfully &#8211; according to the behavior of the person who exercises his authority in front of him. This allows for strong discoveries and lasting awareness, &#8220;embodied&#8221; in the experience of a relationship free of any emotional filter as verbal language.<br \/>\nAt this workshop participants learn to:<\/p>\n<ul>\n<li>Measure the impact they generate in a relationship<\/li>\n<li>Act in real time to facilitate and accelerate change<\/li>\n<li>Implement favorable conditions for sustainable collaboration<\/li>\n<li>Develop their intuitive capabilities<\/li>\n<li>Better manage stress and emotions<\/li>\n<\/ul>\n<h2>What are the insurance conditions?<\/h2>\n<p>Riding is considered a risky sport and is not always covered by Social Security or standard insurance. That is why it is advisable to subscribe <a href=\"https:\/\/www.horseholidaysfrance.com\/fr\/assurances-cavalier\/\">\u00e0 une assurance<\/a> specific related to the practice of riding. We offer insurance adapted through the FFE (French Federation of Equitation) and Cabinet Pezant. You can find more information about the conditions here: https:\/\/www.ffe.com\/toutsavoir\/Media\/Fichiers\/Espace-Club-adherent\/Garantie-licence-et-RCPE-2018<br \/>\nTarifs :<\/p>\n<ul>\n<li><a href=\"https:\/\/www.horseholidaysfrance.com\/en\/produit\/ffe-licence-adult\/\/\">FFE License valid for 1 year*, adult rider : 36 \u20ac<\/a><\/li>\n<li><a href=\"https:\/\/www.horseholidaysfrance.com\/en\/produit\/ffe-licence-junior\/\">FFE License valid for 1 year*, minor rider : 25 \u20ac<\/a><\/li>\n<li><a href=\"https:\/\/www.horseholidaysfrance.com\/en\/produit\/holiday-card\/\">FFE Holiday Card valid for 1 month : 10 \u20ac<\/a><\/li>\n<\/ul>\n<p>*Ex. The 2018 FFE license is valid from 1st September 2017 to the 31st December 2018.<\/p>\n<p>Horse Holidays France is covered by a professional indemnity insurance that covers bodily, material and immaterial damages that could be caused to the participants as a result of deficiencies or failures of its services. However, Horse Holidays France can not be held responsible for accidents that are due to imprudence or personal error of the rider. Wearing a helmet complying with NF EN 1384 standards is compulsory for riding. No derogation will be made.<\/p>\n<h2>Am I covered by my FFE license?<\/h2>\n<p>Yes, the FFE license covers the rider in the event of an accident. You can find more information about the conditions here: <a href=\"https:\/\/www.ffe.com\/toutsavoir\/Media\/Fichiers\/Espace-Club-adherent\/Garantie-licence-et-RCPE-2018\">https:\/\/www.ffe.com\/toutsavoir\/Media\/Fichiers\/Espace-Club-adherent\/Garantie-licence-et-RCPE-2018<\/a><\/p>\n<h2>Can we cancel or postpone in case of bad weather?<\/h2>\n<p>Bad weather can not result in cancellation or postponement to a later date except in extreme cases; storm with very strong wind that causes risks of falling branches, thunder storm, lots of snow and \/ or impassable or slippery roads.<br \/>\nHowever the simple rain is not a reason to cancel or postpone the ride or the hike. Remember to dress according to the weather and choose waterproof clothing if the weather forecast is rainy on the day of your hike. Avoid ponchos that &#8220;fly in the wind&#8221; and may frighten horses.<\/p>\n<h2>What are the cancellation or modification conditions?<\/h2>\n<p>In case of cancellation by you for accident, illness causing the interruption of the hike, it must be justified by a certificate issued by a medical authority: the full deposit will be retained. They can be transposed on another ride within the limit of one year.<\/p>\n<p>In all cases a deductible \u20ac 30 will remain acquired by Horse Holidays France.<\/p>\n<p>Cancellation on your side, less than 8 days before departure, or in case of no show at departure, or in case of abandonment during the hike: The full amount of the service will be retained.<\/p>\n<p>Participants can not claim any compensation. Any other reason for cancellation or interruption will not be taken into account.<br \/>\nHorse Holidays France reserves the right to cancel a hike or a stay if the number of participants is not sufficient or in case of force majeure (illness, very bad weather), the service can be canceled at the last moment or modified in its course, its duration, its destination. Under no circumstances will these cancellations be able to give rise to a payment of damages. The hike will be postponed or refunded.<\/p>\n<\/div><\/section>\n<\/div><\/div><\/div><!-- close content main div --><\/div><\/div>\n<style type=\"text\/css\" data-created_by=\"avia_inline_auto\" id=\"style-css-av-3yg2wb-3221e53c6595edda544edafb7cf2834e\">\n.avia-section.av-3yg2wb-3221e53c6595edda544edafb7cf2834e{\nbackground-repeat:no-repeat;\nbackground-image:url(https:\/\/www.horseholidaysfrance.com\/wp-content\/uploads\/2018\/02\/8R5A9867.jpg);\nbackground-position:50% 0%;\nbackground-attachment:fixed;\n}\n.avia-section.av-3yg2wb-3221e53c6595edda544edafb7cf2834e .av-section-color-overlay{\nopacity:0.3;\nbackground-color:#3f83bf;\n}\n<\/style>\n<div id='av_section_1'  class='avia-section av-3yg2wb-3221e53c6595edda544edafb7cf2834e main_color avia-section-default avia-no-border-styling  avia-builder-el-3  el_after_av_textblock  avia-builder-el-last  avia-bg-style-fixed av-section-color-overlay-active container_wrap sidebar_right'  data-section-bg-repeat='no-repeat'><div class=\"av-section-color-overlay-wrap\"><div class=\"av-section-color-overlay\"><\/div><div class='container av-section-cont-open' ><div class='template-page content  av-content-small alpha units'><div class='post-entry post-entry-type-page post-entry-5723'><div class='entry-content-wrapper clearfix'>\n\n<\/div><\/div><\/div><!-- close content main div --><\/div><\/div><\/div><div id='after_section_1'  class='main_color av_default_container_wrap container_wrap sidebar_right'  ><div class='container av-section-cont-open' ><div class='template-page content  av-content-small alpha units'><div class='post-entry post-entry-type-page post-entry-5723'><div class='entry-content-wrapper clearfix'>\n","protected":false},"excerpt":{"rendered":"","protected":false},"author":2,"featured_media":0,"parent":0,"menu_order":0,"comment_status":"closed","ping_status":"closed","template":"","meta":{"_acf_changed":false,"footnotes":""},"class_list":["post-5723","page","type-page","status-publish","hentry"],"acf":[],"yoast_head":"<!-- This site is optimized with the Yoast SEO plugin v27.4 - https:\/\/yoast.com\/product\/yoast-seo-wordpress\/ -->\n<title>FAQs - Horse Holidays France<\/title>\n<meta name=\"description\" content=\"D\u00e9couvrez nos questions fr\u00e9quentes et n&#039;h\u00e9sitez pas \u00e0 nous demander des informations\" \/>\n<meta name=\"robots\" content=\"index, follow, max-snippet:-1, max-image-preview:large, max-video-preview:-1\" \/>\n<link rel=\"canonical\" href=\"https:\/\/www.horseholidaysfrance.com\/en\/faqs\/\" \/>\n<meta property=\"og:locale\" content=\"en_US\" \/>\n<meta property=\"og:type\" content=\"article\" \/>\n<meta property=\"og:title\" content=\"FAQs - Horse Holidays France\" \/>\n<meta property=\"og:description\" content=\"D\u00e9couvrez nos questions fr\u00e9quentes et n&#039;h\u00e9sitez pas \u00e0 nous demander des informations\" \/>\n<meta property=\"og:url\" content=\"https:\/\/www.horseholidaysfrance.com\/en\/faqs\/\" \/>\n<meta property=\"og:site_name\" content=\"Horse Holidays Createur de sejours equestres sur mesure\" \/>\n<meta property=\"article:publisher\" content=\"https:\/\/www.facebook.com\/horse.fr\/\" \/>\n<meta property=\"article:modified_time\" content=\"2020-04-17T14:01:17+00:00\" \/>\n<meta property=\"og:image\" content=\"https:\/\/www.horseholidaysfrance.com\/wp-content\/uploads\/2016\/11\/993-225x300.jpg\" \/>\n<meta name=\"twitter:card\" content=\"summary_large_image\" \/>\n<meta name=\"twitter:label1\" content=\"Est. reading time\" \/>\n\t<meta name=\"twitter:data1\" content=\"6 minutes\" \/>\n<script type=\"application\/ld+json\" class=\"yoast-schema-graph\">{\"@context\":\"https:\\\/\\\/schema.org\",\"@graph\":[{\"@type\":\"WebPage\",\"@id\":\"https:\\\/\\\/www.horseholidaysfrance.com\\\/en\\\/faqs\\\/\",\"url\":\"https:\\\/\\\/www.horseholidaysfrance.com\\\/en\\\/faqs\\\/\",\"name\":\"FAQs - Horse Holidays France\",\"isPartOf\":{\"@id\":\"https:\\\/\\\/www.horseholidaysfrance.com\\\/#website\"},\"primaryImageOfPage\":{\"@id\":\"https:\\\/\\\/www.horseholidaysfrance.com\\\/en\\\/faqs\\\/#primaryimage\"},\"image\":{\"@id\":\"https:\\\/\\\/www.horseholidaysfrance.com\\\/en\\\/faqs\\\/#primaryimage\"},\"thumbnailUrl\":\"https:\\\/\\\/www.horseholidaysfrance.com\\\/wp-content\\\/uploads\\\/2016\\\/11\\\/993-225x300.jpg\",\"datePublished\":\"2018-04-18T17:43:19+00:00\",\"dateModified\":\"2020-04-17T14:01:17+00:00\",\"description\":\"D\u00e9couvrez nos questions fr\u00e9quentes et n'h\u00e9sitez pas \u00e0 nous demander des informations\",\"breadcrumb\":{\"@id\":\"https:\\\/\\\/www.horseholidaysfrance.com\\\/en\\\/faqs\\\/#breadcrumb\"},\"inLanguage\":\"en-US\",\"potentialAction\":[{\"@type\":\"ReadAction\",\"target\":[\"https:\\\/\\\/www.horseholidaysfrance.com\\\/en\\\/faqs\\\/\"]}]},{\"@type\":\"ImageObject\",\"inLanguage\":\"en-US\",\"@id\":\"https:\\\/\\\/www.horseholidaysfrance.com\\\/en\\\/faqs\\\/#primaryimage\",\"url\":\"https:\\\/\\\/www.horseholidaysfrance.com\\\/wp-content\\\/uploads\\\/2016\\\/11\\\/993-225x300.jpg\",\"contentUrl\":\"https:\\\/\\\/www.horseholidaysfrance.com\\\/wp-content\\\/uploads\\\/2016\\\/11\\\/993-225x300.jpg\"},{\"@type\":\"BreadcrumbList\",\"@id\":\"https:\\\/\\\/www.horseholidaysfrance.com\\\/en\\\/faqs\\\/#breadcrumb\",\"itemListElement\":[{\"@type\":\"ListItem\",\"position\":1,\"name\":\"Accueil\",\"item\":\"https:\\\/\\\/www.horseholidaysfrance.com\\\/en\\\/home-2-2-2\\\/\"},{\"@type\":\"ListItem\",\"position\":2,\"name\":\"FAQs\"}]},{\"@type\":\"WebSite\",\"@id\":\"https:\\\/\\\/www.horseholidaysfrance.com\\\/#website\",\"url\":\"https:\\\/\\\/www.horseholidaysfrance.com\\\/\",\"name\":\"Horse Holidays Createur de sejours equestres sur mesure\",\"description\":\"Cr\u00e9ateur de s\u00e9jours \u00e9questres sur mesure\",\"publisher\":{\"@id\":\"https:\\\/\\\/www.horseholidaysfrance.com\\\/#organization\"},\"potentialAction\":[{\"@type\":\"SearchAction\",\"target\":{\"@type\":\"EntryPoint\",\"urlTemplate\":\"https:\\\/\\\/www.horseholidaysfrance.com\\\/?s={search_term_string}\"},\"query-input\":{\"@type\":\"PropertyValueSpecification\",\"valueRequired\":true,\"valueName\":\"search_term_string\"}}],\"inLanguage\":\"en-US\"},{\"@type\":\"Organization\",\"@id\":\"https:\\\/\\\/www.horseholidaysfrance.com\\\/#organization\",\"name\":\"Horse Holidays France\",\"url\":\"https:\\\/\\\/www.horseholidaysfrance.com\\\/\",\"logo\":{\"@type\":\"ImageObject\",\"inLanguage\":\"en-US\",\"@id\":\"https:\\\/\\\/www.horseholidaysfrance.com\\\/#\\\/schema\\\/logo\\\/image\\\/\",\"url\":\"https:\\\/\\\/www.horseholidaysfrance.com\\\/wp-content\\\/uploads\\\/2017\\\/01\\\/HHF-loga-fr.jpg\",\"contentUrl\":\"https:\\\/\\\/www.horseholidaysfrance.com\\\/wp-content\\\/uploads\\\/2017\\\/01\\\/HHF-loga-fr.jpg\",\"width\":524,\"height\":183,\"caption\":\"Horse Holidays France\"},\"image\":{\"@id\":\"https:\\\/\\\/www.horseholidaysfrance.com\\\/#\\\/schema\\\/logo\\\/image\\\/\"},\"sameAs\":[\"https:\\\/\\\/www.facebook.com\\\/horse.fr\\\/\",\"https:\\\/\\\/www.linkedin.com\\\/company\\\/horse-holidays-france?report_success=6vo3TCkCS1-Q3MQSXyAa5EmbyooXt_JHF4gI-SlS5O9Glwt8CaN1ZzdSFMOjqCEC4tgoZJl1pOO90MRDlW9NQp\"]}]}<\/script>\n<!-- \/ Yoast SEO plugin. -->","yoast_head_json":{"title":"FAQs - Horse Holidays France","description":"D\u00e9couvrez nos questions fr\u00e9quentes et n'h\u00e9sitez pas \u00e0 nous demander des informations","robots":{"index":"index","follow":"follow","max-snippet":"max-snippet:-1","max-image-preview":"max-image-preview:large","max-video-preview":"max-video-preview:-1"},"canonical":"https:\/\/www.horseholidaysfrance.com\/en\/faqs\/","og_locale":"en_US","og_type":"article","og_title":"FAQs - Horse Holidays France","og_description":"D\u00e9couvrez nos questions fr\u00e9quentes et n'h\u00e9sitez pas \u00e0 nous demander des informations","og_url":"https:\/\/www.horseholidaysfrance.com\/en\/faqs\/","og_site_name":"Horse Holidays Createur de sejours equestres sur mesure","article_publisher":"https:\/\/www.facebook.com\/horse.fr\/","article_modified_time":"2020-04-17T14:01:17+00:00","og_image":[{"url":"https:\/\/www.horseholidaysfrance.com\/wp-content\/uploads\/2016\/11\/993-225x300.jpg","type":"","width":"","height":""}],"twitter_card":"summary_large_image","twitter_misc":{"Est. reading time":"6 minutes"},"schema":{"@context":"https:\/\/schema.org","@graph":[{"@type":"WebPage","@id":"https:\/\/www.horseholidaysfrance.com\/en\/faqs\/","url":"https:\/\/www.horseholidaysfrance.com\/en\/faqs\/","name":"FAQs - Horse Holidays France","isPartOf":{"@id":"https:\/\/www.horseholidaysfrance.com\/#website"},"primaryImageOfPage":{"@id":"https:\/\/www.horseholidaysfrance.com\/en\/faqs\/#primaryimage"},"image":{"@id":"https:\/\/www.horseholidaysfrance.com\/en\/faqs\/#primaryimage"},"thumbnailUrl":"https:\/\/www.horseholidaysfrance.com\/wp-content\/uploads\/2016\/11\/993-225x300.jpg","datePublished":"2018-04-18T17:43:19+00:00","dateModified":"2020-04-17T14:01:17+00:00","description":"D\u00e9couvrez nos questions fr\u00e9quentes et n'h\u00e9sitez pas \u00e0 nous demander des informations","breadcrumb":{"@id":"https:\/\/www.horseholidaysfrance.com\/en\/faqs\/#breadcrumb"},"inLanguage":"en-US","potentialAction":[{"@type":"ReadAction","target":["https:\/\/www.horseholidaysfrance.com\/en\/faqs\/"]}]},{"@type":"ImageObject","inLanguage":"en-US","@id":"https:\/\/www.horseholidaysfrance.com\/en\/faqs\/#primaryimage","url":"https:\/\/www.horseholidaysfrance.com\/wp-content\/uploads\/2016\/11\/993-225x300.jpg","contentUrl":"https:\/\/www.horseholidaysfrance.com\/wp-content\/uploads\/2016\/11\/993-225x300.jpg"},{"@type":"BreadcrumbList","@id":"https:\/\/www.horseholidaysfrance.com\/en\/faqs\/#breadcrumb","itemListElement":[{"@type":"ListItem","position":1,"name":"Accueil","item":"https:\/\/www.horseholidaysfrance.com\/en\/home-2-2-2\/"},{"@type":"ListItem","position":2,"name":"FAQs"}]},{"@type":"WebSite","@id":"https:\/\/www.horseholidaysfrance.com\/#website","url":"https:\/\/www.horseholidaysfrance.com\/","name":"Horse Holidays Createur de sejours equestres sur mesure","description":"Cr\u00e9ateur de s\u00e9jours \u00e9questres sur mesure","publisher":{"@id":"https:\/\/www.horseholidaysfrance.com\/#organization"},"potentialAction":[{"@type":"SearchAction","target":{"@type":"EntryPoint","urlTemplate":"https:\/\/www.horseholidaysfrance.com\/?s={search_term_string}"},"query-input":{"@type":"PropertyValueSpecification","valueRequired":true,"valueName":"search_term_string"}}],"inLanguage":"en-US"},{"@type":"Organization","@id":"https:\/\/www.horseholidaysfrance.com\/#organization","name":"Horse Holidays France","url":"https:\/\/www.horseholidaysfrance.com\/","logo":{"@type":"ImageObject","inLanguage":"en-US","@id":"https:\/\/www.horseholidaysfrance.com\/#\/schema\/logo\/image\/","url":"https:\/\/www.horseholidaysfrance.com\/wp-content\/uploads\/2017\/01\/HHF-loga-fr.jpg","contentUrl":"https:\/\/www.horseholidaysfrance.com\/wp-content\/uploads\/2017\/01\/HHF-loga-fr.jpg","width":524,"height":183,"caption":"Horse Holidays France"},"image":{"@id":"https:\/\/www.horseholidaysfrance.com\/#\/schema\/logo\/image\/"},"sameAs":["https:\/\/www.facebook.com\/horse.fr\/","https:\/\/www.linkedin.com\/company\/horse-holidays-france?report_success=6vo3TCkCS1-Q3MQSXyAa5EmbyooXt_JHF4gI-SlS5O9Glwt8CaN1ZzdSFMOjqCEC4tgoZJl1pOO90MRDlW9NQp"]}]}},"_links":{"self":[{"href":"https:\/\/www.horseholidaysfrance.com\/en\/wp-json\/wp\/v2\/pages\/5723","targetHints":{"allow":["GET"]}}],"collection":[{"href":"https:\/\/www.horseholidaysfrance.com\/en\/wp-json\/wp\/v2\/pages"}],"about":[{"href":"https:\/\/www.horseholidaysfrance.com\/en\/wp-json\/wp\/v2\/types\/page"}],"author":[{"embeddable":true,"href":"https:\/\/www.horseholidaysfrance.com\/en\/wp-json\/wp\/v2\/users\/2"}],"replies":[{"embeddable":true,"href":"https:\/\/www.horseholidaysfrance.com\/en\/wp-json\/wp\/v2\/comments?post=5723"}],"version-history":[{"count":0,"href":"https:\/\/www.horseholidaysfrance.com\/en\/wp-json\/wp\/v2\/pages\/5723\/revisions"}],"wp:attachment":[{"href":"https:\/\/www.horseholidaysfrance.com\/en\/wp-json\/wp\/v2\/media?parent=5723"}],"curies":[{"name":"wp","href":"https:\/\/api.w.org\/{rel}","templated":true}]}}