{"id":6128,"date":"2018-10-29T13:21:33","date_gmt":"2018-10-29T13:21:33","guid":{"rendered":"https:\/\/horseholidays.webisinther.com\/?page_id=6128"},"modified":"2022-06-28T10:21:57","modified_gmt":"2022-06-28T10:21:57","slug":"avis-clients","status":"publish","type":"page","link":"https:\/\/www.horseholidaysfrance.com\/en\/avis-clients\/","title":{"rendered":"Avis clients"},"content":{"rendered":"\n<style type=\"text\/css\" data-created_by=\"avia_inline_auto\" id=\"style-css-av-av_heading-5979268af4ea0fba3432c8ec680f28f8\">\n#top .av-special-heading.av-av_heading-5979268af4ea0fba3432c8ec680f28f8{\npadding-bottom:10px;\nfont-size:26px;\n}\nbody .av-special-heading.av-av_heading-5979268af4ea0fba3432c8ec680f28f8 .av-special-heading-tag .heading-char{\nfont-size:25px;\n}\n#top #wrap_all .av-special-heading.av-av_heading-5979268af4ea0fba3432c8ec680f28f8 .av-special-heading-tag{\nfont-size:26px;\n}\n.av-special-heading.av-av_heading-5979268af4ea0fba3432c8ec680f28f8 .av-subheading{\nfont-size:15px;\n}\n\n@media only screen and (min-width: 480px) and (max-width: 767px){ \n#top #wrap_all .av-special-heading.av-av_heading-5979268af4ea0fba3432c8ec680f28f8 .av-special-heading-tag{\nfont-size:0.8em;\n}\n}\n\n@media only screen and (max-width: 479px){ \n#top #wrap_all .av-special-heading.av-av_heading-5979268af4ea0fba3432c8ec680f28f8 .av-special-heading-tag{\nfont-size:0.8em;\n}\n}\n<\/style>\n<div  class='av-special-heading av-av_heading-5979268af4ea0fba3432c8ec680f28f8 av-special-heading-h1 blockquote modern-quote modern-centered  avia-builder-el-0  el_before_av_hr  avia-builder-el-first  av-inherit-size'><h1 class='av-special-heading-tag '  itemprop=\"headline\"  >Avis clients<\/h1><div class=\"special-heading-border\"><div class=\"special-heading-inner-border\"><\/div><\/div><\/div>\n<div  class='hr av-77w200-5ecb8ee8b6c26a8e0a5a127c487a4dcb hr-short  avia-builder-el-1  el_after_av_heading  el_before_av_testimonials  hr-center'><span class='hr-inner '><span class=\"hr-inner-style\"><\/span><\/span><\/div>\n\n<style type=\"text\/css\" data-created_by=\"avia_inline_auto\" id=\"style-css-av-jnubszzg-596c6f7860cddb45b8f7680406d01e5d\">\n#top .avia-testimonial-wrapper.av-jnubszzg-596c6f7860cddb45b8f7680406d01e5d .avia-testimonial-content{\ncolor:#878787;\n}\n#top .avia-testimonial-wrapper.av-jnubszzg-596c6f7860cddb45b8f7680406d01e5d .avia-testimonial-name{\ncolor:#3377cc;\n}\n.avia-testimonial-wrapper.av-jnubszzg-596c6f7860cddb45b8f7680406d01e5d .avia-testimonial-subtitle{\ncolor:#3377cc;\n}\n.avia-testimonial-wrapper.av-jnubszzg-596c6f7860cddb45b8f7680406d01e5d .avia-testimonial-link{\ncolor:#3377cc;\n}\n.avia-testimonial-wrapper.av-jnubszzg-596c6f7860cddb45b8f7680406d01e5d .avia-slideshow-controls{\ncolor:#878787;\n}\n<\/style>\n<div  class='avia-testimonial-wrapper av-jnubszzg-596c6f7860cddb45b8f7680406d01e5d avia-grid-testimonials avia-grid-1-testimonials avia_animate_when_almost_visible av-minimal-grid-style av-boxed-grid-style' >\n<section class=\"avia-testimonial-row\"><div class='avia-testimonial av-av_testimonial_single-a4be32a1c31abc5d654dc5fb36d02f16 avia-testimonial-row-1 avia-first-testimonial flex_column no_margin av_one_full'><div class='avia-testimonial_inner'  itemscope=\"itemscope\" itemtype=\"https:\/\/schema.org\/CreativeWork\" ><div class='avia-testimonial-content av_inherit_color'><div class='avia-testimonial-markup-entry-content'  itemprop=\"text\" ><div class=\"_1dwg _1w_m _q7o\">\n<div>\n<div id=\"js_cy\" class=\"_5pbx userContent _3576\" data-ad-preview=\"message\" data-ft=\"{\">\n<div class=\"_162hp8xh\" role=\"listitem\">\n<div class=\"_50mnu4\">\n<div>\n<div tabindex=\"-1\">\n<div class=\"_1v8nkzp\">\n<div>One of the best experience to do near Paris, Anna and her team really makes you comfortable and teaches the basic involved in riding horse. I would love to do it again.<\/div>\n<\/div>\n<\/div>\n<\/div>\n<\/div>\n<\/div>\n<\/div>\n<div class=\"_3x-2\" data-ft=\"{\">\n<div data-ft=\"{\"><\/div>\n<\/div>\n<div><\/div>\n<\/div>\n<\/div>\n<div>\n<form id=\"u_fetchstream_6_13\" class=\"commentable_item\" action=\"https:\/\/www.facebook.com\/ajax\/ufi\/modify.php\" method=\"post\" data-ft=\"{\">\n<div class=\"_sa_ _gsd _fgm _5vsi _192z _1sz4 _1i6z\">\n<div class=\"_37uu\">\n<div>\n<div class=\"_57w\">\n<div class=\"_3399 _1f6t _4_dr _20h5\">\n<div class=\"_524d\">\n<div class=\"_ipn clearfix _-5d\">\n<div class=\"_ipo\"><\/div>\n<div class=\"_1vaq\">\n<div class=\"_ipp\">\n<div class=\"_3t53 _4ar- _ipn\"><\/div>\n<\/div>\n<\/div>\n<\/div>\n<\/div>\n<\/div>\n<\/div>\n<\/div>\n<\/div>\n<\/div>\n<\/form>\n<\/div>\n<\/div><\/div><div class=\"avia-testimonial-meta\"><div class=\"avia-testimonial-arrow-wrap\"><div class=\"avia-arrow\"><\/div><\/div><div class='avia-testimonial-meta-mini'  itemprop=\"author\" itemscope=\"itemscope\" itemtype=\"https:\/\/schema.org\/Person\" ><strong  class='avia-testimonial-name'  itemprop=\"name\" >Anup, \u00cele-de-France, France<\/strong><span  class='avia-testimonial-subtitle av_opacity_variation'  itemprop=\"jobTitle\" >June 2022 - Airbnb<\/span><\/div><\/div><\/div><\/div><\/section>\n<section class=\"avia-testimonial-row\"><div class='avia-testimonial av-av_testimonial_single-1ff545aeac481edac792952794b9eccd avia-testimonial-row-2 avia-first-testimonial flex_column no_margin av_one_full'><div class='avia-testimonial_inner'  itemscope=\"itemscope\" itemtype=\"https:\/\/schema.org\/CreativeWork\" ><div class='avia-testimonial-content av_inherit_color'><div class='avia-testimonial-markup-entry-content'  itemprop=\"text\" ><div class=\"_1dwg _1w_m _q7o\">\n<div>\n<div id=\"js_cy\" class=\"_5pbx userContent _3576\" data-ad-preview=\"message\" data-ft=\"{\">\n<div class=\"_1dwg _1w_m _q7o\">\n<div>\n<div id=\"js_d1\" class=\"_5pbx userContent _3576\" data-ad-preview=\"message\" data-ft=\"{\">\n<div class=\"_1v8nkzp\">\n<div>I had a lovely time with Anna and the other riders! I usually ride western, so Anna was very helpful in showing me how to tack and ride English. The ride was long and beautiful and everyone was very kind.<\/div>\n<\/div>\n<\/div>\n<div class=\"_3x-2\" data-ft=\"{\">\n<div data-ft=\"{\"><\/div>\n<\/div>\n<div><\/div>\n<\/div>\n<\/div>\n<div>\n<form id=\"u_fetchstream_6_19\" class=\"commentable_item\" action=\"https:\/\/www.facebook.com\/ajax\/ufi\/modify.php\" method=\"post\" data-ft=\"{\">\n<div class=\"_sa_ _gsd _fgm _5vsi _192z _1sz4 _1i6z\">\n<div class=\"_37uu\">\n<div>\n<div class=\"_57w\">\n<div class=\"_3399 _1f6t _4_dr _20h5\">\n<div class=\"_524d\">\n<div class=\"_ipn clearfix _-5d\"><\/div>\n<\/div>\n<\/div>\n<\/div>\n<\/div>\n<\/div>\n<\/div>\n<\/form>\n<\/div>\n<\/div>\n<div class=\"_3x-2\" data-ft=\"{\">\n<div data-ft=\"{\"><\/div>\n<\/div>\n<div><\/div>\n<\/div>\n<\/div>\n<div>\n<form id=\"u_fetchstream_6_13\" class=\"commentable_item\" action=\"https:\/\/www.facebook.com\/ajax\/ufi\/modify.php\" method=\"post\" data-ft=\"{\">\n<div class=\"_sa_ _gsd _fgm _5vsi _192z _1sz4 _1i6z\">\n<div class=\"_37uu\">\n<div>\n<div class=\"_57w\">\n<div class=\"_3399 _1f6t _4_dr _20h5\">\n<div class=\"_524d\">\n<div class=\"_ipn clearfix _-5d\">\n<div class=\"_ipo\"><\/div>\n<div class=\"_1vaq\">\n<div class=\"_ipp\">\n<div class=\"_3t53 _4ar- _ipn\"><\/div>\n<\/div>\n<\/div>\n<\/div>\n<\/div>\n<\/div>\n<\/div>\n<\/div>\n<\/div>\n<\/div>\n<\/form>\n<\/div>\n<\/div><\/div><div class=\"avia-testimonial-meta\"><div class=\"avia-testimonial-arrow-wrap\"><div class=\"avia-arrow\"><\/div><\/div><div class='avia-testimonial-meta-mini'  itemprop=\"author\" itemscope=\"itemscope\" itemtype=\"https:\/\/schema.org\/Person\" ><strong  class='avia-testimonial-name'  itemprop=\"name\" >Kelley, Orlando, FL<\/strong><span  class='avia-testimonial-subtitle av_opacity_variation'  itemprop=\"jobTitle\" >June 2022 - Airbnb<\/span><\/div><\/div><\/div><\/div><\/section>\n<section class=\"avia-testimonial-row\"><div class='avia-testimonial av-av_testimonial_single-8588b20b1942123d0dbcc4d722627dde avia-testimonial-row-3 avia-first-testimonial flex_column no_margin av_one_full'><div class='avia-testimonial_inner'  itemscope=\"itemscope\" itemtype=\"https:\/\/schema.org\/CreativeWork\" ><div class='avia-testimonial-content av_inherit_color'><div class='avia-testimonial-markup-entry-content'  itemprop=\"text\" ><div class=\"_1dwg _1w_m _q7o\">\n<div>\n<div id=\"js_cy\" class=\"_5pbx userContent _3576\" data-ad-preview=\"message\" data-ft=\"{\">\n<div class=\"_1dwg _1w_m _q7o\">\n<div>\n<div id=\"js_d1\" class=\"_5pbx userContent _3576\" data-ad-preview=\"message\" data-ft=\"{\">\n<div class=\"_1v8nkzp\">\n<div>Very fun experience and was one of the highlights of my trip to Paris! It was a very therapeutic experience with the horses and the instructors were very professional and friendly.<\/div>\n<\/div>\n<\/div>\n<div class=\"_3x-2\" data-ft=\"{\">\n<div data-ft=\"{\"><\/div>\n<\/div>\n<div><\/div>\n<\/div>\n<\/div>\n<div>\n<form id=\"u_fetchstream_6_19\" class=\"commentable_item\" action=\"https:\/\/www.facebook.com\/ajax\/ufi\/modify.php\" method=\"post\" data-ft=\"{\">\n<div class=\"_sa_ _gsd _fgm _5vsi _192z _1sz4 _1i6z\">\n<div class=\"_37uu\">\n<div>\n<div class=\"_57w\">\n<div class=\"_3399 _1f6t _4_dr _20h5\">\n<div class=\"_524d\">\n<div class=\"_ipn clearfix _-5d\"><\/div>\n<\/div>\n<\/div>\n<\/div>\n<\/div>\n<\/div>\n<\/div>\n<\/form>\n<\/div>\n<\/div>\n<div class=\"_3x-2\" data-ft=\"{\">\n<div data-ft=\"{\"><\/div>\n<\/div>\n<div><\/div>\n<\/div>\n<\/div>\n<div>\n<form id=\"u_fetchstream_6_13\" class=\"commentable_item\" action=\"https:\/\/www.facebook.com\/ajax\/ufi\/modify.php\" method=\"post\" data-ft=\"{\">\n<div class=\"_sa_ _gsd _fgm _5vsi _192z _1sz4 _1i6z\">\n<div class=\"_37uu\">\n<div>\n<div class=\"_57w\">\n<div class=\"_3399 _1f6t _4_dr _20h5\">\n<div class=\"_524d\">\n<div class=\"_ipn clearfix _-5d\">\n<div class=\"_ipo\"><\/div>\n<div class=\"_1vaq\">\n<div class=\"_ipp\">\n<div class=\"_3t53 _4ar- _ipn\"><\/div>\n<\/div>\n<\/div>\n<\/div>\n<\/div>\n<\/div>\n<\/div>\n<\/div>\n<\/div>\n<\/div>\n<\/form>\n<\/div>\n<\/div><\/div><div class=\"avia-testimonial-meta\"><div class=\"avia-testimonial-arrow-wrap\"><div class=\"avia-arrow\"><\/div><\/div><div class='avia-testimonial-meta-mini'  itemprop=\"author\" itemscope=\"itemscope\" itemtype=\"https:\/\/schema.org\/Person\" ><strong  class='avia-testimonial-name'  itemprop=\"name\" >Clint, Denver, CO<\/strong><span  class='avia-testimonial-subtitle av_opacity_variation'  itemprop=\"jobTitle\" >May 2022 - Airbnb<\/span><\/div><\/div><\/div><\/div><\/section>\n<section class=\"avia-testimonial-row\"><div class='avia-testimonial av-av_testimonial_single-007a22b95c463c81d2925f4e5faca3dc avia-testimonial-row-4 avia-first-testimonial flex_column no_margin av_one_full'><div class='avia-testimonial_inner'  itemscope=\"itemscope\" itemtype=\"https:\/\/schema.org\/CreativeWork\" ><div class='avia-testimonial-content av_inherit_color'><div class='avia-testimonial-markup-entry-content'  itemprop=\"text\" ><div class=\"_1dwg _1w_m _q7o\">\n<div>\n<div id=\"js_cy\" class=\"_5pbx userContent _3576\" data-ad-preview=\"message\" data-ft=\"{\">\n<div class=\"_1dwg _1w_m _q7o\">\n<div>\n<div id=\"js_d1\" class=\"_5pbx userContent _3576\" data-ad-preview=\"message\" data-ft=\"{\">\n<p>This was an awesome experience. My wife and I have had essentially no experience riding horses and this was a great environment to feel like you were a pro! It was great to be able to spend time with your horse and take care of them and the riding was fun too. The area is literally built for horseback riding. Definitely recommend this experience!<\/p>\n<\/div>\n<div class=\"_3x-2\" data-ft=\"{\">\n<div data-ft=\"{\"><\/div>\n<\/div>\n<div><\/div>\n<\/div>\n<\/div>\n<div>\n<form id=\"u_fetchstream_6_19\" class=\"commentable_item\" action=\"https:\/\/www.facebook.com\/ajax\/ufi\/modify.php\" method=\"post\" data-ft=\"{\">\n<div class=\"_sa_ _gsd _fgm _5vsi _192z _1sz4 _1i6z\">\n<div class=\"_37uu\">\n<div>\n<div class=\"_57w\">\n<div class=\"_3399 _1f6t _4_dr _20h5\">\n<div class=\"_524d\">\n<div class=\"_ipn clearfix _-5d\"><\/div>\n<\/div>\n<\/div>\n<\/div>\n<\/div>\n<\/div>\n<\/div>\n<\/form>\n<\/div>\n<\/div>\n<div class=\"_3x-2\" data-ft=\"{\">\n<div data-ft=\"{\"><\/div>\n<\/div>\n<div><\/div>\n<\/div>\n<\/div>\n<div>\n<form id=\"u_fetchstream_6_13\" class=\"commentable_item\" action=\"https:\/\/www.facebook.com\/ajax\/ufi\/modify.php\" method=\"post\" data-ft=\"{\">\n<div class=\"_sa_ _gsd _fgm _5vsi _192z _1sz4 _1i6z\">\n<div class=\"_37uu\">\n<div>\n<div class=\"_57w\">\n<div class=\"_3399 _1f6t _4_dr _20h5\">\n<div class=\"_524d\">\n<div class=\"_ipn clearfix _-5d\">\n<div class=\"_ipo\"><\/div>\n<div class=\"_1vaq\">\n<div class=\"_ipp\">\n<div class=\"_3t53 _4ar- _ipn\"><\/div>\n<\/div>\n<\/div>\n<\/div>\n<\/div>\n<\/div>\n<\/div>\n<\/div>\n<\/div>\n<\/div>\n<\/form>\n<\/div>\n<\/div><\/div><div class=\"avia-testimonial-meta\"><div class=\"avia-testimonial-arrow-wrap\"><div class=\"avia-arrow\"><\/div><\/div><div class='avia-testimonial-meta-mini'  itemprop=\"author\" itemscope=\"itemscope\" itemtype=\"https:\/\/schema.org\/Person\" ><strong  class='avia-testimonial-name'  itemprop=\"name\" >Brett, Basalt, CO<\/strong><span  class='avia-testimonial-subtitle av_opacity_variation'  itemprop=\"jobTitle\" >May 2022 - Airbnb<\/span><\/div><\/div><\/div><\/div><\/section>\n<section class=\"avia-testimonial-row\"><div class='avia-testimonial av-av_testimonial_single-ee644712fcf4facd891859c9285114e6 avia-testimonial-row-5 avia-first-testimonial flex_column no_margin av_one_full'><div class='avia-testimonial_inner'  itemscope=\"itemscope\" itemtype=\"https:\/\/schema.org\/CreativeWork\" ><div class='avia-testimonial-content av_inherit_color'><div class='avia-testimonial-markup-entry-content'  itemprop=\"text\" ><p>Stephanie was so sweet and helpful. My husband and I had such a magical experience riding the horses. We got to brush them before hand and go through all the steps, it was very well structured and easy to understand. Unfortunately horses can be unpredictable and mine got scared and ran off into the road at some point which was scary but I was able to get her to stop and the rest of the ride was good! I would recommend getting the horse insurance just in case! We will definitely go again<\/p>\n<\/div><\/div><div class=\"avia-testimonial-meta\"><div class=\"avia-testimonial-arrow-wrap\"><div class=\"avia-arrow\"><\/div><\/div><div class='avia-testimonial-meta-mini'  itemprop=\"author\" itemscope=\"itemscope\" itemtype=\"https:\/\/schema.org\/Person\" ><strong  class='avia-testimonial-name'  itemprop=\"name\" >Aro, New York, NY<\/strong><span  class='avia-testimonial-subtitle av_opacity_variation'  itemprop=\"jobTitle\" >May 2022, Airbnb<\/span><\/div><\/div><\/div><\/div><\/section>\n<section class=\"avia-testimonial-row\"><div class='avia-testimonial av-av_testimonial_single-769e81d2505d3145e4c3a3b334461750 avia-testimonial-row-6 avia-first-testimonial flex_column no_margin av_one_full'><div class='avia-testimonial_inner'  itemscope=\"itemscope\" itemtype=\"https:\/\/schema.org\/CreativeWork\" ><div class='avia-testimonial-content av_inherit_color'><div class='avia-testimonial-markup-entry-content'  itemprop=\"text\" ><div class=\"_1v8nkzp\">\n<div>\n<div class=\"_1v8nkzp\">\n<div>First things first, the area is breathtaking. This was my first time ever on a horse, let alone riding one (I had Star), and Anna and her son made the experience seamless and memorable. Would highly recommend!<\/div>\n<\/div>\n<\/div>\n<\/div>\n<div class=\"_klarpw\">\n<div class=\"_djrljn\">\n<div class=\"_1009fyxt\"><\/div>\n<\/div>\n<\/div>\n<\/div><\/div><div class=\"avia-testimonial-meta\"><div class=\"avia-testimonial-arrow-wrap\"><div class=\"avia-arrow\"><\/div><\/div><div class='avia-testimonial-meta-mini'  itemprop=\"author\" itemscope=\"itemscope\" itemtype=\"https:\/\/schema.org\/Person\" ><strong  class='avia-testimonial-name'  itemprop=\"name\" >Stacy-Ann, New York, NY<\/strong><span  class='avia-testimonial-subtitle av_opacity_variation'  itemprop=\"jobTitle\" >May 2022, Airbnb<\/span><\/div><\/div><\/div><\/div><\/section>\n<\/div>\n","protected":false},"excerpt":{"rendered":"","protected":false},"author":2,"featured_media":0,"parent":0,"menu_order":0,"comment_status":"closed","ping_status":"closed","template":"","meta":{"_acf_changed":false,"footnotes":""},"class_list":["post-6128","page","type-page","status-publish","hentry"],"acf":[],"yoast_head":"<!-- This site is optimized with the Yoast SEO plugin v27.4 - https:\/\/yoast.com\/product\/yoast-seo-wordpress\/ -->\n<title>Nos Avis Clients - Horse Holidays, S\u00e9jours \u00c9questres sur Mesure<\/title>\n<meta name=\"description\" content=\"Consultez les avis que nos clients nous donnent suite \u00e0 leurs exp\u00e9riences avec Horse Holidays, \u00e9quitation, balades, formations, \u00e9v\u00e9nements sur mesure..\" \/>\n<meta name=\"robots\" content=\"index, follow, max-snippet:-1, max-image-preview:large, max-video-preview:-1\" \/>\n<link rel=\"canonical\" href=\"https:\/\/www.horseholidaysfrance.com\/en\/avis-clients\/\" \/>\n<meta property=\"og:locale\" content=\"en_US\" \/>\n<meta property=\"og:type\" content=\"article\" \/>\n<meta property=\"og:title\" content=\"Nos Avis Clients - Horse Holidays, S\u00e9jours \u00c9questres sur Mesure\" \/>\n<meta property=\"og:description\" content=\"Consultez les avis que nos clients nous donnent suite \u00e0 leurs exp\u00e9riences avec Horse Holidays, \u00e9quitation, balades, formations, \u00e9v\u00e9nements sur mesure..\" \/>\n<meta property=\"og:url\" content=\"https:\/\/www.horseholidaysfrance.com\/en\/avis-clients\/\" \/>\n<meta property=\"og:site_name\" content=\"Horse Holidays Createur de sejours equestres sur mesure\" \/>\n<meta property=\"article:publisher\" content=\"https:\/\/www.facebook.com\/horse.fr\/\" \/>\n<meta property=\"article:modified_time\" content=\"2022-06-28T10:21:57+00:00\" \/>\n<meta name=\"twitter:card\" content=\"summary_large_image\" \/>\n<meta name=\"twitter:label1\" content=\"Est. reading time\" \/>\n\t<meta name=\"twitter:data1\" content=\"3 minutes\" \/>\n<script type=\"application\/ld+json\" class=\"yoast-schema-graph\">{\"@context\":\"https:\\\/\\\/schema.org\",\"@graph\":[{\"@type\":\"WebPage\",\"@id\":\"https:\\\/\\\/www.horseholidaysfrance.com\\\/en\\\/avis-clients\\\/\",\"url\":\"https:\\\/\\\/www.horseholidaysfrance.com\\\/en\\\/avis-clients\\\/\",\"name\":\"Nos Avis Clients - Horse Holidays, S\u00e9jours \u00c9questres sur Mesure\",\"isPartOf\":{\"@id\":\"https:\\\/\\\/www.horseholidaysfrance.com\\\/#website\"},\"datePublished\":\"2018-10-29T13:21:33+00:00\",\"dateModified\":\"2022-06-28T10:21:57+00:00\",\"description\":\"Consultez les avis que nos clients nous donnent suite \u00e0 leurs exp\u00e9riences avec Horse Holidays, \u00e9quitation, balades, formations, \u00e9v\u00e9nements sur mesure..\",\"breadcrumb\":{\"@id\":\"https:\\\/\\\/www.horseholidaysfrance.com\\\/en\\\/avis-clients\\\/#breadcrumb\"},\"inLanguage\":\"en-US\",\"potentialAction\":[{\"@type\":\"ReadAction\",\"target\":[\"https:\\\/\\\/www.horseholidaysfrance.com\\\/en\\\/avis-clients\\\/\"]}]},{\"@type\":\"BreadcrumbList\",\"@id\":\"https:\\\/\\\/www.horseholidaysfrance.com\\\/en\\\/avis-clients\\\/#breadcrumb\",\"itemListElement\":[{\"@type\":\"ListItem\",\"position\":1,\"name\":\"Accueil\",\"item\":\"https:\\\/\\\/www.horseholidaysfrance.com\\\/en\\\/home-2-2-2\\\/\"},{\"@type\":\"ListItem\",\"position\":2,\"name\":\"Avis clients\"}]},{\"@type\":\"WebSite\",\"@id\":\"https:\\\/\\\/www.horseholidaysfrance.com\\\/#website\",\"url\":\"https:\\\/\\\/www.horseholidaysfrance.com\\\/\",\"name\":\"Horse Holidays Createur de sejours equestres sur mesure\",\"description\":\"Cr\u00e9ateur de s\u00e9jours \u00e9questres sur mesure\",\"publisher\":{\"@id\":\"https:\\\/\\\/www.horseholidaysfrance.com\\\/#organization\"},\"potentialAction\":[{\"@type\":\"SearchAction\",\"target\":{\"@type\":\"EntryPoint\",\"urlTemplate\":\"https:\\\/\\\/www.horseholidaysfrance.com\\\/?s={search_term_string}\"},\"query-input\":{\"@type\":\"PropertyValueSpecification\",\"valueRequired\":true,\"valueName\":\"search_term_string\"}}],\"inLanguage\":\"en-US\"},{\"@type\":\"Organization\",\"@id\":\"https:\\\/\\\/www.horseholidaysfrance.com\\\/#organization\",\"name\":\"Horse Holidays France\",\"url\":\"https:\\\/\\\/www.horseholidaysfrance.com\\\/\",\"logo\":{\"@type\":\"ImageObject\",\"inLanguage\":\"en-US\",\"@id\":\"https:\\\/\\\/www.horseholidaysfrance.com\\\/#\\\/schema\\\/logo\\\/image\\\/\",\"url\":\"https:\\\/\\\/www.horseholidaysfrance.com\\\/wp-content\\\/uploads\\\/2017\\\/01\\\/HHF-loga-fr.jpg\",\"contentUrl\":\"https:\\\/\\\/www.horseholidaysfrance.com\\\/wp-content\\\/uploads\\\/2017\\\/01\\\/HHF-loga-fr.jpg\",\"width\":524,\"height\":183,\"caption\":\"Horse Holidays France\"},\"image\":{\"@id\":\"https:\\\/\\\/www.horseholidaysfrance.com\\\/#\\\/schema\\\/logo\\\/image\\\/\"},\"sameAs\":[\"https:\\\/\\\/www.facebook.com\\\/horse.fr\\\/\",\"https:\\\/\\\/www.linkedin.com\\\/company\\\/horse-holidays-france?report_success=6vo3TCkCS1-Q3MQSXyAa5EmbyooXt_JHF4gI-SlS5O9Glwt8CaN1ZzdSFMOjqCEC4tgoZJl1pOO90MRDlW9NQp\"]}]}<\/script>\n<!-- \/ Yoast SEO plugin. -->","yoast_head_json":{"title":"Nos Avis Clients - Horse Holidays, S\u00e9jours \u00c9questres sur Mesure","description":"Consultez les avis que nos clients nous donnent suite \u00e0 leurs exp\u00e9riences avec Horse Holidays, \u00e9quitation, balades, formations, \u00e9v\u00e9nements sur mesure..","robots":{"index":"index","follow":"follow","max-snippet":"max-snippet:-1","max-image-preview":"max-image-preview:large","max-video-preview":"max-video-preview:-1"},"canonical":"https:\/\/www.horseholidaysfrance.com\/en\/avis-clients\/","og_locale":"en_US","og_type":"article","og_title":"Nos Avis Clients - Horse Holidays, S\u00e9jours \u00c9questres sur Mesure","og_description":"Consultez les avis que nos clients nous donnent suite \u00e0 leurs exp\u00e9riences avec Horse Holidays, \u00e9quitation, balades, formations, \u00e9v\u00e9nements sur mesure..","og_url":"https:\/\/www.horseholidaysfrance.com\/en\/avis-clients\/","og_site_name":"Horse Holidays Createur de sejours equestres sur mesure","article_publisher":"https:\/\/www.facebook.com\/horse.fr\/","article_modified_time":"2022-06-28T10:21:57+00:00","twitter_card":"summary_large_image","twitter_misc":{"Est. reading time":"3 minutes"},"schema":{"@context":"https:\/\/schema.org","@graph":[{"@type":"WebPage","@id":"https:\/\/www.horseholidaysfrance.com\/en\/avis-clients\/","url":"https:\/\/www.horseholidaysfrance.com\/en\/avis-clients\/","name":"Nos Avis Clients - Horse Holidays, S\u00e9jours \u00c9questres sur Mesure","isPartOf":{"@id":"https:\/\/www.horseholidaysfrance.com\/#website"},"datePublished":"2018-10-29T13:21:33+00:00","dateModified":"2022-06-28T10:21:57+00:00","description":"Consultez les avis que nos clients nous donnent suite \u00e0 leurs exp\u00e9riences avec Horse Holidays, \u00e9quitation, balades, formations, \u00e9v\u00e9nements sur mesure..","breadcrumb":{"@id":"https:\/\/www.horseholidaysfrance.com\/en\/avis-clients\/#breadcrumb"},"inLanguage":"en-US","potentialAction":[{"@type":"ReadAction","target":["https:\/\/www.horseholidaysfrance.com\/en\/avis-clients\/"]}]},{"@type":"BreadcrumbList","@id":"https:\/\/www.horseholidaysfrance.com\/en\/avis-clients\/#breadcrumb","itemListElement":[{"@type":"ListItem","position":1,"name":"Accueil","item":"https:\/\/www.horseholidaysfrance.com\/en\/home-2-2-2\/"},{"@type":"ListItem","position":2,"name":"Avis clients"}]},{"@type":"WebSite","@id":"https:\/\/www.horseholidaysfrance.com\/#website","url":"https:\/\/www.horseholidaysfrance.com\/","name":"Horse Holidays Createur de sejours equestres sur mesure","description":"Cr\u00e9ateur de s\u00e9jours \u00e9questres sur mesure","publisher":{"@id":"https:\/\/www.horseholidaysfrance.com\/#organization"},"potentialAction":[{"@type":"SearchAction","target":{"@type":"EntryPoint","urlTemplate":"https:\/\/www.horseholidaysfrance.com\/?s={search_term_string}"},"query-input":{"@type":"PropertyValueSpecification","valueRequired":true,"valueName":"search_term_string"}}],"inLanguage":"en-US"},{"@type":"Organization","@id":"https:\/\/www.horseholidaysfrance.com\/#organization","name":"Horse Holidays France","url":"https:\/\/www.horseholidaysfrance.com\/","logo":{"@type":"ImageObject","inLanguage":"en-US","@id":"https:\/\/www.horseholidaysfrance.com\/#\/schema\/logo\/image\/","url":"https:\/\/www.horseholidaysfrance.com\/wp-content\/uploads\/2017\/01\/HHF-loga-fr.jpg","contentUrl":"https:\/\/www.horseholidaysfrance.com\/wp-content\/uploads\/2017\/01\/HHF-loga-fr.jpg","width":524,"height":183,"caption":"Horse Holidays France"},"image":{"@id":"https:\/\/www.horseholidaysfrance.com\/#\/schema\/logo\/image\/"},"sameAs":["https:\/\/www.facebook.com\/horse.fr\/","https:\/\/www.linkedin.com\/company\/horse-holidays-france?report_success=6vo3TCkCS1-Q3MQSXyAa5EmbyooXt_JHF4gI-SlS5O9Glwt8CaN1ZzdSFMOjqCEC4tgoZJl1pOO90MRDlW9NQp"]}]}},"_links":{"self":[{"href":"https:\/\/www.horseholidaysfrance.com\/en\/wp-json\/wp\/v2\/pages\/6128","targetHints":{"allow":["GET"]}}],"collection":[{"href":"https:\/\/www.horseholidaysfrance.com\/en\/wp-json\/wp\/v2\/pages"}],"about":[{"href":"https:\/\/www.horseholidaysfrance.com\/en\/wp-json\/wp\/v2\/types\/page"}],"author":[{"embeddable":true,"href":"https:\/\/www.horseholidaysfrance.com\/en\/wp-json\/wp\/v2\/users\/2"}],"replies":[{"embeddable":true,"href":"https:\/\/www.horseholidaysfrance.com\/en\/wp-json\/wp\/v2\/comments?post=6128"}],"version-history":[{"count":3,"href":"https:\/\/www.horseholidaysfrance.com\/en\/wp-json\/wp\/v2\/pages\/6128\/revisions"}],"predecessor-version":[{"id":22063,"href":"https:\/\/www.horseholidaysfrance.com\/en\/wp-json\/wp\/v2\/pages\/6128\/revisions\/22063"}],"wp:attachment":[{"href":"https:\/\/www.horseholidaysfrance.com\/en\/wp-json\/wp\/v2\/media?parent=6128"}],"curies":[{"name":"wp","href":"https:\/\/api.w.org\/{rel}","templated":true}]}}