{"id":7170,"date":"2018-02-28T14:56:21","date_gmt":"2018-02-28T14:56:21","guid":{"rendered":"https:\/\/horseholidays.webisinther.com\/location-de-caleches\/"},"modified":"2020-04-17T14:27:10","modified_gmt":"2020-04-17T14:27:10","slug":"rent-a-carriage","status":"publish","type":"page","link":"https:\/\/www.horseholidaysfrance.com\/en\/rent-a-carriage\/","title":{"rendered":"Rent a carriage"},"content":{"rendered":"\n<style type=\"text\/css\" data-created_by=\"avia_inline_auto\" id=\"style-css-av-jofi43mh-bfa5bf2693933a64748ec7fa3efc969e\">\n#top .av-special-heading.av-jofi43mh-bfa5bf2693933a64748ec7fa3efc969e{\npadding-bottom:10px;\nfont-size:26px;\n}\nbody .av-special-heading.av-jofi43mh-bfa5bf2693933a64748ec7fa3efc969e .av-special-heading-tag .heading-char{\nfont-size:25px;\n}\n#top #wrap_all .av-special-heading.av-jofi43mh-bfa5bf2693933a64748ec7fa3efc969e .av-special-heading-tag{\nfont-size:26px;\n}\n.av-special-heading.av-jofi43mh-bfa5bf2693933a64748ec7fa3efc969e .av-subheading{\nfont-size:15px;\n}\n\n@media only screen and (min-width: 480px) and (max-width: 767px){ \n#top #wrap_all .av-special-heading.av-jofi43mh-bfa5bf2693933a64748ec7fa3efc969e .av-special-heading-tag{\nfont-size:0.8em;\n}\n}\n\n@media only screen and (max-width: 479px){ \n#top #wrap_all .av-special-heading.av-jofi43mh-bfa5bf2693933a64748ec7fa3efc969e .av-special-heading-tag{\nfont-size:0.8em;\n}\n}\n<\/style>\n<div  class='av-special-heading av-jofi43mh-bfa5bf2693933a64748ec7fa3efc969e av-special-heading-h1 blockquote modern-quote modern-centered  avia-builder-el-0  el_before_av_hr  avia-builder-el-first  av-inherit-size'><h1 class='av-special-heading-tag '  itemprop=\"headline\"  >Rent a carriage<\/h1><div class=\"special-heading-border\"><div class=\"special-heading-inner-border\"><\/div><\/div><\/div>\n<div  class='hr av-xf4g3-1a8f6036f9b1ba62f3a7002bf1a74dfb hr-short  avia-builder-el-1  el_after_av_heading  el_before_av_three_fifth  hr-center'><span class='hr-inner '><span class=\"hr-inner-style\"><\/span><\/span><\/div>\n\n<style type=\"text\/css\" data-created_by=\"avia_inline_auto\" id=\"style-css-av-7ia01f-7cc42f78d33a3fc1eb5300a3df9708f8\">\n.flex_column.av-7ia01f-7cc42f78d33a3fc1eb5300a3df9708f8{\nborder-radius:0px 0px 0px 0px;\npadding:0px 0px 0px 0px;\n}\n<\/style>\n<div  class='flex_column av-7ia01f-7cc42f78d33a3fc1eb5300a3df9708f8 av_three_fifth  avia-builder-el-2  el_after_av_hr  el_before_av_two_fifth  first flex_column_div av-zero-column-padding  '     ><p><section  class='av_textblock_section av-2280j-229141e8e68bcfce0ca9458a62a96183 '   itemscope=\"itemscope\" itemtype=\"https:\/\/schema.org\/CreativeWork\" ><div class='avia_textblock'  itemprop=\"text\" ><p>We put at your disposal teams for all types of events, ceremonies, seminars, weddings, product launches, inaugurations &#8230;. You want to create a friendly and sparkling event in your image or that of your company? Let&#8217;s talk about it ! We adapt to your needs by creating a tailor-made experience according to your budget. For each occasion a specific carriage. We have a large capacity and can carry up to 200 people in our 35 carriages from 4 to 22 places. We work in close collaboration with qualified guides-lecturers, speaking your languages, for your thematic and historical walks in Maisons-Laffitte, Saint-Germain-en-Laye, Versailles, Paris or elsewhere. Our horses and carriages are rigorously selected for your safety and comfort. All our coachmen are graduates and benefit from a great experience.<\/p>\n<\/div><\/section><br \/>\n<div  class='hr av-xf4g3-1a8f6036f9b1ba62f3a7002bf1a74dfb hr-short  avia-builder-el-4  el_after_av_textblock  el_before_av_textblock  hr-center'><span class='hr-inner '><span class=\"hr-inner-style\"><\/span><\/span><\/div><br \/>\n<section  class='av_textblock_section av-jnlvignp-ea14a29542f840dc1540f1eaeecd4bf7 '   itemscope=\"itemscope\" itemtype=\"https:\/\/schema.org\/CreativeWork\" ><div class='avia_textblock'  itemprop=\"text\" ><p style=\"text-align: center;\"><a class=\"button\" href=\"\/?page_id=2953\">Click here for a personalised quotation<\/a><\/p>\n<\/div><\/section><\/p><\/div>\n\n<style type=\"text\/css\" data-created_by=\"avia_inline_auto\" id=\"style-css-av-4sj9nn-d0ede30dfc6ff4b2fa8711ab9dd3d0a8\">\n.flex_column.av-4sj9nn-d0ede30dfc6ff4b2fa8711ab9dd3d0a8{\nborder-radius:0px 0px 0px 0px;\npadding:0px 0px 0px 0px;\nbackground-color:#35649a;\n}\n<\/style>\n<div  class='flex_column av-4sj9nn-d0ede30dfc6ff4b2fa8711ab9dd3d0a8 av_two_fifth  avia-builder-el-6  el_after_av_three_fifth  avia-builder-el-last  flex_column_div av-zero-column-padding  '     ><section  class='av_textblock_section av-1unbpv-ef5571d5b943939da1e5e614ed1d7b3e '   itemscope=\"itemscope\" itemtype=\"https:\/\/schema.org\/CreativeWork\" ><div class='avia_textblock'  itemprop=\"text\" ><div class=\"fiche-pdt\">\n<p><strong><img decoding=\"async\" src=\"\/wp-content\/uploads\/2016\/12\/Cal\u00e8che-ML-2.jpg\" width=\"100%\" height=\"auto\" \/><\/strong><\/p>\n<p>Type : events<br \/>\nMax. number of people : 200<br \/>\nMax. number of carriage : 35<br \/>\nPeople by carriage : 4 to 22<br \/>\nTrained and experienced coachmen<br \/>\nPrice : on demand<\/p>\n<\/div>\n<\/div><\/section><\/div>\n","protected":false},"excerpt":{"rendered":"","protected":false},"author":2,"featured_media":0,"parent":0,"menu_order":0,"comment_status":"closed","ping_status":"closed","template":"","meta":{"_acf_changed":false,"footnotes":""},"class_list":["post-7170","page","type-page","status-publish","hentry"],"acf":[],"yoast_head":"<!-- This site is optimized with the Yoast SEO plugin v27.4 - https:\/\/yoast.com\/product\/yoast-seo-wordpress\/ -->\n<title>Rent A Carriage - Horse Holidays France<\/title>\n<meta name=\"description\" content=\"Discover our rental service of carriage, for a event, a ride or everything you want, Horse Holidays France is there.\" \/>\n<meta name=\"robots\" content=\"index, follow, max-snippet:-1, max-image-preview:large, max-video-preview:-1\" \/>\n<link rel=\"canonical\" href=\"https:\/\/www.horseholidaysfrance.com\/en\/rent-a-carriage\/\" \/>\n<meta property=\"og:locale\" content=\"en_US\" \/>\n<meta property=\"og:type\" content=\"article\" \/>\n<meta property=\"og:title\" content=\"Rent A Carriage - Horse Holidays France\" \/>\n<meta property=\"og:description\" content=\"Discover our rental service of carriage, for a event, a ride or everything you want, Horse Holidays France is there.\" \/>\n<meta property=\"og:url\" content=\"https:\/\/www.horseholidaysfrance.com\/en\/rent-a-carriage\/\" \/>\n<meta property=\"og:site_name\" content=\"Horse Holidays Createur de sejours equestres sur mesure\" \/>\n<meta property=\"article:publisher\" content=\"https:\/\/www.facebook.com\/horse.fr\/\" \/>\n<meta property=\"article:modified_time\" content=\"2020-04-17T14:27:10+00:00\" \/>\n<meta name=\"twitter:card\" content=\"summary_large_image\" \/>\n<meta name=\"twitter:label1\" content=\"Est. reading time\" \/>\n\t<meta name=\"twitter:data1\" content=\"3 minutes\" \/>\n<script type=\"application\/ld+json\" class=\"yoast-schema-graph\">{\"@context\":\"https:\\\/\\\/schema.org\",\"@graph\":[{\"@type\":\"WebPage\",\"@id\":\"https:\\\/\\\/www.horseholidaysfrance.com\\\/en\\\/rent-a-carriage\\\/\",\"url\":\"https:\\\/\\\/www.horseholidaysfrance.com\\\/en\\\/rent-a-carriage\\\/\",\"name\":\"Rent A Carriage - Horse Holidays France\",\"isPartOf\":{\"@id\":\"https:\\\/\\\/www.horseholidaysfrance.com\\\/#website\"},\"datePublished\":\"2018-02-28T14:56:21+00:00\",\"dateModified\":\"2020-04-17T14:27:10+00:00\",\"description\":\"Discover our rental service of carriage, for a event, a ride or everything you want, Horse Holidays France is there.\",\"breadcrumb\":{\"@id\":\"https:\\\/\\\/www.horseholidaysfrance.com\\\/en\\\/rent-a-carriage\\\/#breadcrumb\"},\"inLanguage\":\"en-US\",\"potentialAction\":[{\"@type\":\"ReadAction\",\"target\":[\"https:\\\/\\\/www.horseholidaysfrance.com\\\/en\\\/rent-a-carriage\\\/\"]}]},{\"@type\":\"BreadcrumbList\",\"@id\":\"https:\\\/\\\/www.horseholidaysfrance.com\\\/en\\\/rent-a-carriage\\\/#breadcrumb\",\"itemListElement\":[{\"@type\":\"ListItem\",\"position\":1,\"name\":\"Accueil\",\"item\":\"https:\\\/\\\/www.horseholidaysfrance.com\\\/en\\\/home-2-2-2\\\/\"},{\"@type\":\"ListItem\",\"position\":2,\"name\":\"Rent a carriage\"}]},{\"@type\":\"WebSite\",\"@id\":\"https:\\\/\\\/www.horseholidaysfrance.com\\\/#website\",\"url\":\"https:\\\/\\\/www.horseholidaysfrance.com\\\/\",\"name\":\"Horse Holidays Createur de sejours equestres sur mesure\",\"description\":\"Cr\u00e9ateur de s\u00e9jours \u00e9questres sur mesure\",\"publisher\":{\"@id\":\"https:\\\/\\\/www.horseholidaysfrance.com\\\/#organization\"},\"potentialAction\":[{\"@type\":\"SearchAction\",\"target\":{\"@type\":\"EntryPoint\",\"urlTemplate\":\"https:\\\/\\\/www.horseholidaysfrance.com\\\/?s={search_term_string}\"},\"query-input\":{\"@type\":\"PropertyValueSpecification\",\"valueRequired\":true,\"valueName\":\"search_term_string\"}}],\"inLanguage\":\"en-US\"},{\"@type\":\"Organization\",\"@id\":\"https:\\\/\\\/www.horseholidaysfrance.com\\\/#organization\",\"name\":\"Horse Holidays France\",\"url\":\"https:\\\/\\\/www.horseholidaysfrance.com\\\/\",\"logo\":{\"@type\":\"ImageObject\",\"inLanguage\":\"en-US\",\"@id\":\"https:\\\/\\\/www.horseholidaysfrance.com\\\/#\\\/schema\\\/logo\\\/image\\\/\",\"url\":\"https:\\\/\\\/www.horseholidaysfrance.com\\\/wp-content\\\/uploads\\\/2017\\\/01\\\/HHF-loga-fr.jpg\",\"contentUrl\":\"https:\\\/\\\/www.horseholidaysfrance.com\\\/wp-content\\\/uploads\\\/2017\\\/01\\\/HHF-loga-fr.jpg\",\"width\":524,\"height\":183,\"caption\":\"Horse Holidays France\"},\"image\":{\"@id\":\"https:\\\/\\\/www.horseholidaysfrance.com\\\/#\\\/schema\\\/logo\\\/image\\\/\"},\"sameAs\":[\"https:\\\/\\\/www.facebook.com\\\/horse.fr\\\/\",\"https:\\\/\\\/www.linkedin.com\\\/company\\\/horse-holidays-france?report_success=6vo3TCkCS1-Q3MQSXyAa5EmbyooXt_JHF4gI-SlS5O9Glwt8CaN1ZzdSFMOjqCEC4tgoZJl1pOO90MRDlW9NQp\"]}]}<\/script>\n<!-- \/ Yoast SEO plugin. -->","yoast_head_json":{"title":"Rent A Carriage - Horse Holidays France","description":"Discover our rental service of carriage, for a event, a ride or everything you want, Horse Holidays France is there.","robots":{"index":"index","follow":"follow","max-snippet":"max-snippet:-1","max-image-preview":"max-image-preview:large","max-video-preview":"max-video-preview:-1"},"canonical":"https:\/\/www.horseholidaysfrance.com\/en\/rent-a-carriage\/","og_locale":"en_US","og_type":"article","og_title":"Rent A Carriage - Horse Holidays France","og_description":"Discover our rental service of carriage, for a event, a ride or everything you want, Horse Holidays France is there.","og_url":"https:\/\/www.horseholidaysfrance.com\/en\/rent-a-carriage\/","og_site_name":"Horse Holidays Createur de sejours equestres sur mesure","article_publisher":"https:\/\/www.facebook.com\/horse.fr\/","article_modified_time":"2020-04-17T14:27:10+00:00","twitter_card":"summary_large_image","twitter_misc":{"Est. reading time":"3 minutes"},"schema":{"@context":"https:\/\/schema.org","@graph":[{"@type":"WebPage","@id":"https:\/\/www.horseholidaysfrance.com\/en\/rent-a-carriage\/","url":"https:\/\/www.horseholidaysfrance.com\/en\/rent-a-carriage\/","name":"Rent A Carriage - Horse Holidays France","isPartOf":{"@id":"https:\/\/www.horseholidaysfrance.com\/#website"},"datePublished":"2018-02-28T14:56:21+00:00","dateModified":"2020-04-17T14:27:10+00:00","description":"Discover our rental service of carriage, for a event, a ride or everything you want, Horse Holidays France is there.","breadcrumb":{"@id":"https:\/\/www.horseholidaysfrance.com\/en\/rent-a-carriage\/#breadcrumb"},"inLanguage":"en-US","potentialAction":[{"@type":"ReadAction","target":["https:\/\/www.horseholidaysfrance.com\/en\/rent-a-carriage\/"]}]},{"@type":"BreadcrumbList","@id":"https:\/\/www.horseholidaysfrance.com\/en\/rent-a-carriage\/#breadcrumb","itemListElement":[{"@type":"ListItem","position":1,"name":"Accueil","item":"https:\/\/www.horseholidaysfrance.com\/en\/home-2-2-2\/"},{"@type":"ListItem","position":2,"name":"Rent a carriage"}]},{"@type":"WebSite","@id":"https:\/\/www.horseholidaysfrance.com\/#website","url":"https:\/\/www.horseholidaysfrance.com\/","name":"Horse Holidays Createur de sejours equestres sur mesure","description":"Cr\u00e9ateur de s\u00e9jours \u00e9questres sur mesure","publisher":{"@id":"https:\/\/www.horseholidaysfrance.com\/#organization"},"potentialAction":[{"@type":"SearchAction","target":{"@type":"EntryPoint","urlTemplate":"https:\/\/www.horseholidaysfrance.com\/?s={search_term_string}"},"query-input":{"@type":"PropertyValueSpecification","valueRequired":true,"valueName":"search_term_string"}}],"inLanguage":"en-US"},{"@type":"Organization","@id":"https:\/\/www.horseholidaysfrance.com\/#organization","name":"Horse Holidays France","url":"https:\/\/www.horseholidaysfrance.com\/","logo":{"@type":"ImageObject","inLanguage":"en-US","@id":"https:\/\/www.horseholidaysfrance.com\/#\/schema\/logo\/image\/","url":"https:\/\/www.horseholidaysfrance.com\/wp-content\/uploads\/2017\/01\/HHF-loga-fr.jpg","contentUrl":"https:\/\/www.horseholidaysfrance.com\/wp-content\/uploads\/2017\/01\/HHF-loga-fr.jpg","width":524,"height":183,"caption":"Horse Holidays France"},"image":{"@id":"https:\/\/www.horseholidaysfrance.com\/#\/schema\/logo\/image\/"},"sameAs":["https:\/\/www.facebook.com\/horse.fr\/","https:\/\/www.linkedin.com\/company\/horse-holidays-france?report_success=6vo3TCkCS1-Q3MQSXyAa5EmbyooXt_JHF4gI-SlS5O9Glwt8CaN1ZzdSFMOjqCEC4tgoZJl1pOO90MRDlW9NQp"]}]}},"_links":{"self":[{"href":"https:\/\/www.horseholidaysfrance.com\/en\/wp-json\/wp\/v2\/pages\/7170","targetHints":{"allow":["GET"]}}],"collection":[{"href":"https:\/\/www.horseholidaysfrance.com\/en\/wp-json\/wp\/v2\/pages"}],"about":[{"href":"https:\/\/www.horseholidaysfrance.com\/en\/wp-json\/wp\/v2\/types\/page"}],"author":[{"embeddable":true,"href":"https:\/\/www.horseholidaysfrance.com\/en\/wp-json\/wp\/v2\/users\/2"}],"replies":[{"embeddable":true,"href":"https:\/\/www.horseholidaysfrance.com\/en\/wp-json\/wp\/v2\/comments?post=7170"}],"version-history":[{"count":0,"href":"https:\/\/www.horseholidaysfrance.com\/en\/wp-json\/wp\/v2\/pages\/7170\/revisions"}],"wp:attachment":[{"href":"https:\/\/www.horseholidaysfrance.com\/en\/wp-json\/wp\/v2\/media?parent=7170"}],"curies":[{"name":"wp","href":"https:\/\/api.w.org\/{rel}","templated":true}]}}