{"id":7400,"date":"2018-03-23T09:30:29","date_gmt":"2018-03-23T09:30:29","guid":{"rendered":"https:\/\/horseholidays.webisinther.com\/produit\/le-touquet-paris-plage\/"},"modified":"2025-11-10T10:58:25","modified_gmt":"2025-11-10T09:58:25","slug":"le-touquet-paris-plage","status":"publish","type":"product","link":"https:\/\/www.horseholidaysfrance.com\/en\/product-en\/le-touquet-paris-plage\/","title":{"rendered":"Le Touquet Paris plage"},"content":{"rendered":"<p>You have the option of traveling with us from Maisons Laffitte, leaving at around 5.30am adn returning at 9pm, along with the horses and support team, for a full day excursion, or meeting us at Le Touquet for a half day excursion. There are two groups &#8211; one rides in the morning and the other in the afternoon. Around midday we all meet up for lunch. If you choose to make it a full day trip, you\u2019ll have time to explore Le Touquet with your fellow riders for around three hours, breathing in the sea air and making the most of a multiplicity of photo opportunities.<\/p>\n","protected":false},"excerpt":{"rendered":"<p><strong>Discover the magnificent Le Touquet beach on horseback, hair flying in the wind. Exhilaration guaranteed!<\/strong><\/p>\n<p><strong>Length:<\/strong> 5am-3pm including 3 hours on horseback.<a href=\"#tab-description\">&gt;&gt; Further information<\/a><\/p>\n<p><strong>Level :<\/strong> Confirmed &#8211; Experienced<br \/>\n<button class=\"popmake-equestrian-level\">Find out your level<\/button><\/p>\n","protected":false},"featured_media":7403,"template":"","meta":{"_acf_changed":false},"product_brand":[],"product_cat":[144],"product_tag":[],"class_list":{"0":"post-7400","1":"product","2":"type-product","3":"status-publish","4":"has-post-thumbnail","6":"product_cat-walks-and-rides","8":"first","9":"instock","10":"virtual","11":"sold-individually","12":"taxable","13":"purchasable","14":"product-type-booking"},"booking_location":"","booking_location_type":"","booking_duration":1,"booking_duration_unit":"day","booking_buffer":0,"booking_cost":195,"booking_resources":[],"exclude_global_add_ons":[],"addons":[],"acf":[],"yoast_head":"<!-- This site is optimized with the Yoast SEO plugin v27.4 - https:\/\/yoast.com\/product\/yoast-seo-wordpress\/ -->\n<title>Le Touquet Paris plage - Horse Holidays Createur de sejours equestres sur mesure<\/title>\n<meta name=\"description\" content=\"Discover the magnificent Le Touquet beach on horseback, hair flying in the wind. Exhilaration guaranteed!  Length: 5am-3pm including 3 hours on horseback.&gt;&gt; Further information  Level : Confirmed - Experienced Find out your level Le Touquet Paris plage\" \/>\n<meta name=\"robots\" content=\"noindex, nofollow\" \/>\n<meta property=\"og:locale\" content=\"en_US\" \/>\n<meta property=\"og:type\" content=\"article\" \/>\n<meta property=\"og:title\" content=\"Le Touquet Paris plage - Horse Holidays Createur de sejours equestres sur mesure\" \/>\n<meta property=\"og:description\" content=\"Discover the magnificent Le Touquet beach on horseback, hair flying in the wind. Exhilaration guaranteed!  Length: 5am-3pm including 3 hours on horseback.&gt;&gt; Further information  Level : Confirmed - Experienced Find out your level Le Touquet Paris plage\" \/>\n<meta property=\"og:url\" content=\"https:\/\/www.horseholidaysfrance.com\/en\/product-en\/le-touquet-paris-plage\/\" \/>\n<meta property=\"og:site_name\" content=\"Horse Holidays Createur de sejours equestres sur mesure\" \/>\n<meta property=\"article:publisher\" content=\"https:\/\/www.facebook.com\/horse.fr\/\" \/>\n<meta property=\"article:modified_time\" content=\"2025-11-10T09:58:25+00:00\" \/>\n<meta property=\"og:image\" content=\"https:\/\/www.horseholidaysfrance.com\/wp-content\/uploads\/2018\/03\/touquet.jpg\" \/>\n\t<meta property=\"og:image:width\" content=\"2560\" \/>\n\t<meta property=\"og:image:height\" content=\"2560\" \/>\n\t<meta property=\"og:image:type\" content=\"image\/jpeg\" \/>\n<meta name=\"twitter:card\" content=\"summary_large_image\" \/>\n<meta name=\"twitter:label1\" content=\"Est. reading time\" \/>\n\t<meta name=\"twitter:data1\" content=\"1 minute\" \/>\n<script type=\"application\/ld+json\" class=\"yoast-schema-graph\">{\"@context\":\"https:\\\/\\\/schema.org\",\"@graph\":[{\"@type\":\"WebPage\",\"@id\":\"https:\\\/\\\/www.horseholidaysfrance.com\\\/en\\\/product-en\\\/le-touquet-paris-plage\\\/\",\"url\":\"https:\\\/\\\/www.horseholidaysfrance.com\\\/en\\\/product-en\\\/le-touquet-paris-plage\\\/\",\"name\":\"Le Touquet Paris plage - Horse Holidays Createur de sejours equestres sur mesure\",\"isPartOf\":{\"@id\":\"https:\\\/\\\/www.horseholidaysfrance.com\\\/#website\"},\"primaryImageOfPage\":{\"@id\":\"https:\\\/\\\/www.horseholidaysfrance.com\\\/en\\\/product-en\\\/le-touquet-paris-plage\\\/#primaryimage\"},\"image\":{\"@id\":\"https:\\\/\\\/www.horseholidaysfrance.com\\\/en\\\/product-en\\\/le-touquet-paris-plage\\\/#primaryimage\"},\"thumbnailUrl\":\"https:\\\/\\\/www.horseholidaysfrance.com\\\/wp-content\\\/uploads\\\/2018\\\/03\\\/touquet.jpg\",\"datePublished\":\"2018-03-23T09:30:29+00:00\",\"dateModified\":\"2025-11-10T09:58:25+00:00\",\"description\":\"Discover the magnificent Le Touquet beach on horseback, hair flying in the wind. Exhilaration guaranteed! Length: 5am-3pm including 3 hours on horseback.&gt;&gt; Further information Level : Confirmed - Experienced Find out your level Le Touquet Paris plage\",\"breadcrumb\":{\"@id\":\"https:\\\/\\\/www.horseholidaysfrance.com\\\/en\\\/product-en\\\/le-touquet-paris-plage\\\/#breadcrumb\"},\"inLanguage\":\"en-US\",\"potentialAction\":[{\"@type\":\"ReadAction\",\"target\":[\"https:\\\/\\\/www.horseholidaysfrance.com\\\/en\\\/product-en\\\/le-touquet-paris-plage\\\/\"]}]},{\"@type\":\"ImageObject\",\"inLanguage\":\"en-US\",\"@id\":\"https:\\\/\\\/www.horseholidaysfrance.com\\\/en\\\/product-en\\\/le-touquet-paris-plage\\\/#primaryimage\",\"url\":\"https:\\\/\\\/www.horseholidaysfrance.com\\\/wp-content\\\/uploads\\\/2018\\\/03\\\/touquet.jpg\",\"contentUrl\":\"https:\\\/\\\/www.horseholidaysfrance.com\\\/wp-content\\\/uploads\\\/2018\\\/03\\\/touquet.jpg\",\"width\":2560,\"height\":2560,\"caption\":\"touquet\"},{\"@type\":\"BreadcrumbList\",\"@id\":\"https:\\\/\\\/www.horseholidaysfrance.com\\\/en\\\/product-en\\\/le-touquet-paris-plage\\\/#breadcrumb\",\"itemListElement\":[{\"@type\":\"ListItem\",\"position\":1,\"name\":\"Accueil\",\"item\":\"https:\\\/\\\/www.horseholidaysfrance.com\\\/en\\\/home-2-2-2\\\/\"},{\"@type\":\"ListItem\",\"position\":2,\"name\":\"Shop\",\"item\":\"https:\\\/\\\/www.horseholidaysfrance.com\\\/en\\\/shop\\\/\"},{\"@type\":\"ListItem\",\"position\":3,\"name\":\"Le Touquet Paris plage\"}]},{\"@type\":\"WebSite\",\"@id\":\"https:\\\/\\\/www.horseholidaysfrance.com\\\/#website\",\"url\":\"https:\\\/\\\/www.horseholidaysfrance.com\\\/\",\"name\":\"Horse Holidays Createur de sejours equestres sur mesure\",\"description\":\"Cr\u00e9ateur de s\u00e9jours \u00e9questres sur mesure\",\"publisher\":{\"@id\":\"https:\\\/\\\/www.horseholidaysfrance.com\\\/#organization\"},\"potentialAction\":[{\"@type\":\"SearchAction\",\"target\":{\"@type\":\"EntryPoint\",\"urlTemplate\":\"https:\\\/\\\/www.horseholidaysfrance.com\\\/?s={search_term_string}\"},\"query-input\":{\"@type\":\"PropertyValueSpecification\",\"valueRequired\":true,\"valueName\":\"search_term_string\"}}],\"inLanguage\":\"en-US\"},{\"@type\":\"Organization\",\"@id\":\"https:\\\/\\\/www.horseholidaysfrance.com\\\/#organization\",\"name\":\"Horse Holidays France\",\"url\":\"https:\\\/\\\/www.horseholidaysfrance.com\\\/\",\"logo\":{\"@type\":\"ImageObject\",\"inLanguage\":\"en-US\",\"@id\":\"https:\\\/\\\/www.horseholidaysfrance.com\\\/#\\\/schema\\\/logo\\\/image\\\/\",\"url\":\"https:\\\/\\\/www.horseholidaysfrance.com\\\/wp-content\\\/uploads\\\/2017\\\/01\\\/HHF-loga-fr.jpg\",\"contentUrl\":\"https:\\\/\\\/www.horseholidaysfrance.com\\\/wp-content\\\/uploads\\\/2017\\\/01\\\/HHF-loga-fr.jpg\",\"width\":524,\"height\":183,\"caption\":\"Horse Holidays France\"},\"image\":{\"@id\":\"https:\\\/\\\/www.horseholidaysfrance.com\\\/#\\\/schema\\\/logo\\\/image\\\/\"},\"sameAs\":[\"https:\\\/\\\/www.facebook.com\\\/horse.fr\\\/\",\"https:\\\/\\\/www.linkedin.com\\\/company\\\/horse-holidays-france?report_success=6vo3TCkCS1-Q3MQSXyAa5EmbyooXt_JHF4gI-SlS5O9Glwt8CaN1ZzdSFMOjqCEC4tgoZJl1pOO90MRDlW9NQp\"]}]}<\/script>\n<!-- \/ Yoast SEO plugin. -->","yoast_head_json":{"title":"Le Touquet Paris plage - Horse Holidays Createur de sejours equestres sur mesure","description":"Discover the magnificent Le Touquet beach on horseback, hair flying in the wind. Exhilaration guaranteed!  Length: 5am-3pm including 3 hours on horseback.&gt;&gt; Further information  Level : Confirmed - Experienced Find out your level Le Touquet Paris plage","robots":{"index":"noindex","follow":"nofollow"},"og_locale":"en_US","og_type":"article","og_title":"Le Touquet Paris plage - Horse Holidays Createur de sejours equestres sur mesure","og_description":"Discover the magnificent Le Touquet beach on horseback, hair flying in the wind. Exhilaration guaranteed!  Length: 5am-3pm including 3 hours on horseback.&gt;&gt; Further information  Level : Confirmed - Experienced Find out your level Le Touquet Paris plage","og_url":"https:\/\/www.horseholidaysfrance.com\/en\/product-en\/le-touquet-paris-plage\/","og_site_name":"Horse Holidays Createur de sejours equestres sur mesure","article_publisher":"https:\/\/www.facebook.com\/horse.fr\/","article_modified_time":"2025-11-10T09:58:25+00:00","og_image":[{"width":2560,"height":2560,"url":"https:\/\/www.horseholidaysfrance.com\/wp-content\/uploads\/2018\/03\/touquet.jpg","type":"image\/jpeg"}],"twitter_card":"summary_large_image","twitter_misc":{"Est. reading time":"1 minute"},"schema":{"@context":"https:\/\/schema.org","@graph":[{"@type":"WebPage","@id":"https:\/\/www.horseholidaysfrance.com\/en\/product-en\/le-touquet-paris-plage\/","url":"https:\/\/www.horseholidaysfrance.com\/en\/product-en\/le-touquet-paris-plage\/","name":"Le Touquet Paris plage - Horse Holidays Createur de sejours equestres sur mesure","isPartOf":{"@id":"https:\/\/www.horseholidaysfrance.com\/#website"},"primaryImageOfPage":{"@id":"https:\/\/www.horseholidaysfrance.com\/en\/product-en\/le-touquet-paris-plage\/#primaryimage"},"image":{"@id":"https:\/\/www.horseholidaysfrance.com\/en\/product-en\/le-touquet-paris-plage\/#primaryimage"},"thumbnailUrl":"https:\/\/www.horseholidaysfrance.com\/wp-content\/uploads\/2018\/03\/touquet.jpg","datePublished":"2018-03-23T09:30:29+00:00","dateModified":"2025-11-10T09:58:25+00:00","description":"Discover the magnificent Le Touquet beach on horseback, hair flying in the wind. Exhilaration guaranteed! Length: 5am-3pm including 3 hours on horseback.&gt;&gt; Further information Level : Confirmed - Experienced Find out your level Le Touquet Paris plage","breadcrumb":{"@id":"https:\/\/www.horseholidaysfrance.com\/en\/product-en\/le-touquet-paris-plage\/#breadcrumb"},"inLanguage":"en-US","potentialAction":[{"@type":"ReadAction","target":["https:\/\/www.horseholidaysfrance.com\/en\/product-en\/le-touquet-paris-plage\/"]}]},{"@type":"ImageObject","inLanguage":"en-US","@id":"https:\/\/www.horseholidaysfrance.com\/en\/product-en\/le-touquet-paris-plage\/#primaryimage","url":"https:\/\/www.horseholidaysfrance.com\/wp-content\/uploads\/2018\/03\/touquet.jpg","contentUrl":"https:\/\/www.horseholidaysfrance.com\/wp-content\/uploads\/2018\/03\/touquet.jpg","width":2560,"height":2560,"caption":"touquet"},{"@type":"BreadcrumbList","@id":"https:\/\/www.horseholidaysfrance.com\/en\/product-en\/le-touquet-paris-plage\/#breadcrumb","itemListElement":[{"@type":"ListItem","position":1,"name":"Accueil","item":"https:\/\/www.horseholidaysfrance.com\/en\/home-2-2-2\/"},{"@type":"ListItem","position":2,"name":"Shop","item":"https:\/\/www.horseholidaysfrance.com\/en\/shop\/"},{"@type":"ListItem","position":3,"name":"Le Touquet Paris plage"}]},{"@type":"WebSite","@id":"https:\/\/www.horseholidaysfrance.com\/#website","url":"https:\/\/www.horseholidaysfrance.com\/","name":"Horse Holidays Createur de sejours equestres sur mesure","description":"Cr\u00e9ateur de s\u00e9jours \u00e9questres sur mesure","publisher":{"@id":"https:\/\/www.horseholidaysfrance.com\/#organization"},"potentialAction":[{"@type":"SearchAction","target":{"@type":"EntryPoint","urlTemplate":"https:\/\/www.horseholidaysfrance.com\/?s={search_term_string}"},"query-input":{"@type":"PropertyValueSpecification","valueRequired":true,"valueName":"search_term_string"}}],"inLanguage":"en-US"},{"@type":"Organization","@id":"https:\/\/www.horseholidaysfrance.com\/#organization","name":"Horse Holidays France","url":"https:\/\/www.horseholidaysfrance.com\/","logo":{"@type":"ImageObject","inLanguage":"en-US","@id":"https:\/\/www.horseholidaysfrance.com\/#\/schema\/logo\/image\/","url":"https:\/\/www.horseholidaysfrance.com\/wp-content\/uploads\/2017\/01\/HHF-loga-fr.jpg","contentUrl":"https:\/\/www.horseholidaysfrance.com\/wp-content\/uploads\/2017\/01\/HHF-loga-fr.jpg","width":524,"height":183,"caption":"Horse Holidays France"},"image":{"@id":"https:\/\/www.horseholidaysfrance.com\/#\/schema\/logo\/image\/"},"sameAs":["https:\/\/www.facebook.com\/horse.fr\/","https:\/\/www.linkedin.com\/company\/horse-holidays-france?report_success=6vo3TCkCS1-Q3MQSXyAa5EmbyooXt_JHF4gI-SlS5O9Glwt8CaN1ZzdSFMOjqCEC4tgoZJl1pOO90MRDlW9NQp"]}]}},"_links":{"self":[{"href":"https:\/\/www.horseholidaysfrance.com\/en\/wp-json\/wp\/v2\/product\/7400","targetHints":{"allow":["GET"]}}],"collection":[{"href":"https:\/\/www.horseholidaysfrance.com\/en\/wp-json\/wp\/v2\/product"}],"about":[{"href":"https:\/\/www.horseholidaysfrance.com\/en\/wp-json\/wp\/v2\/types\/product"}],"wp:featuredmedia":[{"embeddable":true,"href":"https:\/\/www.horseholidaysfrance.com\/en\/wp-json\/wp\/v2\/media\/7403"}],"wp:attachment":[{"href":"https:\/\/www.horseholidaysfrance.com\/en\/wp-json\/wp\/v2\/media?parent=7400"}],"wp:term":[{"taxonomy":"product_brand","embeddable":true,"href":"https:\/\/www.horseholidaysfrance.com\/en\/wp-json\/wp\/v2\/product_brand?post=7400"},{"taxonomy":"product_cat","embeddable":true,"href":"https:\/\/www.horseholidaysfrance.com\/en\/wp-json\/wp\/v2\/product_cat?post=7400"},{"taxonomy":"product_tag","embeddable":true,"href":"https:\/\/www.horseholidaysfrance.com\/en\/wp-json\/wp\/v2\/product_tag?post=7400"}],"curies":[{"name":"wp","href":"https:\/\/api.w.org\/{rel}","templated":true}]}}