{"id":9714,"date":"2019-06-05T15:48:47","date_gmt":"2019-06-05T15:48:47","guid":{"rendered":"https:\/\/www.horseholidaysfrance.com\/?post_type=product&#038;p=9714"},"modified":"2025-10-02T09:37:57","modified_gmt":"2025-10-02T08:37:57","slug":"evolution-trek","status":"publish","type":"product","link":"https:\/\/www.horseholidaysfrance.com\/en\/product-en\/evolution-trek\/","title":{"rendered":"Evolution trek"},"content":{"rendered":"<p>The meeting point is at our stables, in the heart of this celebrated equestrian town, where you will make the acquaintance of your horse and help saddle up, before we ride into the Maisons-Laffitte park and the Saint-Germain forest. We will explore this exceptional and historical area, including the only gallop race horse training centre in the Ile-de-France region.<\/p>\n","protected":false},"excerpt":{"rendered":"<p><strong>A guided ride through the realm of the kings and emperors of France.<\/strong><\/p>\n<p><strong>Length:<\/strong>\u00a03 hours including 1 \u00bd hours on horseback\u00a0<a href=\"https:\/\/www.horseholidaysfrance.com\/en\/product-en\/evolution-trek\/#tab-description\">&gt;&gt; Further information<\/a><br \/>\n<strong>Level:<\/strong>\u00a0Intermediate.<br \/>\n<button class=\"popmake-equestrian-level pum-trigger\">FIND OUT YOUR LEVEL<\/button><\/p>\n","protected":false},"featured_media":4318,"template":"","meta":{"_acf_changed":false},"product_brand":[],"product_cat":[144],"product_tag":[219],"class_list":{"0":"post-9714","1":"product","2":"type-product","3":"status-publish","4":"has-post-thumbnail","6":"product_cat-walks-and-rides","7":"product_tag-walk","9":"first","10":"instock","11":"virtual","12":"sold-individually","13":"taxable","14":"purchasable","15":"product-type-booking"},"booking_location":"","booking_location_type":"","booking_duration":3,"booking_duration_unit":"hour","booking_buffer":1,"booking_cost":95,"booking_resources":[],"exclude_global_add_ons":[],"addons":[],"acf":[],"yoast_head":"<!-- This site is optimized with the Yoast SEO plugin v27.4 - https:\/\/yoast.com\/product\/yoast-seo-wordpress\/ -->\n<title>Evolution trek - Horse Holidays Createur de sejours equestres sur mesure<\/title>\n<meta name=\"description\" content=\"A guided ride through the realm of the kings and emperors of France. Length: 3 hours including 1 \u00bd hours on horseback\" \/>\n<meta name=\"robots\" content=\"index, follow, max-snippet:-1, max-image-preview:large, max-video-preview:-1\" \/>\n<link rel=\"canonical\" href=\"https:\/\/www.horseholidaysfrance.com\/en\/product-en\/evolution-trek\/\" \/>\n<meta property=\"og:locale\" content=\"en_US\" \/>\n<meta property=\"og:type\" content=\"article\" \/>\n<meta property=\"og:title\" content=\"Evolution trek - Horse Holidays Createur de sejours equestres sur mesure\" \/>\n<meta property=\"og:description\" content=\"A guided ride through the realm of the kings and emperors of France. Length: 3 hours including 1 \u00bd hours on horseback\" \/>\n<meta property=\"og:url\" content=\"https:\/\/www.horseholidaysfrance.com\/en\/product-en\/evolution-trek\/\" \/>\n<meta property=\"og:site_name\" content=\"Horse Holidays Createur de sejours equestres sur mesure\" \/>\n<meta property=\"article:publisher\" content=\"https:\/\/www.facebook.com\/horse.fr\/\" \/>\n<meta property=\"article:modified_time\" content=\"2025-10-02T08:37:57+00:00\" \/>\n<meta property=\"og:image\" content=\"https:\/\/www.horseholidaysfrance.com\/wp-content\/uploads\/2018\/04\/equitation.jpg\" \/>\n\t<meta property=\"og:image:width\" content=\"750\" \/>\n\t<meta property=\"og:image:height\" content=\"500\" \/>\n\t<meta property=\"og:image:type\" content=\"image\/jpeg\" \/>\n<meta name=\"twitter:card\" content=\"summary_large_image\" \/>\n<meta name=\"twitter:label1\" content=\"Est. reading time\" \/>\n\t<meta name=\"twitter:data1\" content=\"1 minute\" \/>\n<script type=\"application\/ld+json\" class=\"yoast-schema-graph\">{\"@context\":\"https:\\\/\\\/schema.org\",\"@graph\":[{\"@type\":\"WebPage\",\"@id\":\"https:\\\/\\\/www.horseholidaysfrance.com\\\/en\\\/product-en\\\/evolution-trek\\\/\",\"url\":\"https:\\\/\\\/www.horseholidaysfrance.com\\\/en\\\/product-en\\\/evolution-trek\\\/\",\"name\":\"Evolution trek - Horse Holidays Createur de sejours equestres sur mesure\",\"isPartOf\":{\"@id\":\"https:\\\/\\\/www.horseholidaysfrance.com\\\/#website\"},\"primaryImageOfPage\":{\"@id\":\"https:\\\/\\\/www.horseholidaysfrance.com\\\/en\\\/product-en\\\/evolution-trek\\\/#primaryimage\"},\"image\":{\"@id\":\"https:\\\/\\\/www.horseholidaysfrance.com\\\/en\\\/product-en\\\/evolution-trek\\\/#primaryimage\"},\"thumbnailUrl\":\"https:\\\/\\\/www.horseholidaysfrance.com\\\/wp-content\\\/uploads\\\/2018\\\/04\\\/equitation.jpg\",\"datePublished\":\"2019-06-05T15:48:47+00:00\",\"dateModified\":\"2025-10-02T08:37:57+00:00\",\"description\":\"A guided ride through the realm of the kings and emperors of France. Length: 3 hours including 1 \u00bd hours on horseback\",\"breadcrumb\":{\"@id\":\"https:\\\/\\\/www.horseholidaysfrance.com\\\/en\\\/product-en\\\/evolution-trek\\\/#breadcrumb\"},\"inLanguage\":\"en-US\",\"potentialAction\":[{\"@type\":\"ReadAction\",\"target\":[\"https:\\\/\\\/www.horseholidaysfrance.com\\\/en\\\/product-en\\\/evolution-trek\\\/\"]}]},{\"@type\":\"ImageObject\",\"inLanguage\":\"en-US\",\"@id\":\"https:\\\/\\\/www.horseholidaysfrance.com\\\/en\\\/product-en\\\/evolution-trek\\\/#primaryimage\",\"url\":\"https:\\\/\\\/www.horseholidaysfrance.com\\\/wp-content\\\/uploads\\\/2018\\\/04\\\/equitation.jpg\",\"contentUrl\":\"https:\\\/\\\/www.horseholidaysfrance.com\\\/wp-content\\\/uploads\\\/2018\\\/04\\\/equitation.jpg\",\"width\":750,\"height\":500,\"caption\":\"Walks & Rides\"},{\"@type\":\"BreadcrumbList\",\"@id\":\"https:\\\/\\\/www.horseholidaysfrance.com\\\/en\\\/product-en\\\/evolution-trek\\\/#breadcrumb\",\"itemListElement\":[{\"@type\":\"ListItem\",\"position\":1,\"name\":\"Accueil\",\"item\":\"https:\\\/\\\/www.horseholidaysfrance.com\\\/en\\\/home-2-2-2\\\/\"},{\"@type\":\"ListItem\",\"position\":2,\"name\":\"Shop\",\"item\":\"https:\\\/\\\/www.horseholidaysfrance.com\\\/en\\\/shop\\\/\"},{\"@type\":\"ListItem\",\"position\":3,\"name\":\"Evolution trek\"}]},{\"@type\":\"WebSite\",\"@id\":\"https:\\\/\\\/www.horseholidaysfrance.com\\\/#website\",\"url\":\"https:\\\/\\\/www.horseholidaysfrance.com\\\/\",\"name\":\"Horse Holidays Createur de sejours equestres sur mesure\",\"description\":\"Cr\u00e9ateur de s\u00e9jours \u00e9questres sur mesure\",\"publisher\":{\"@id\":\"https:\\\/\\\/www.horseholidaysfrance.com\\\/#organization\"},\"potentialAction\":[{\"@type\":\"SearchAction\",\"target\":{\"@type\":\"EntryPoint\",\"urlTemplate\":\"https:\\\/\\\/www.horseholidaysfrance.com\\\/?s={search_term_string}\"},\"query-input\":{\"@type\":\"PropertyValueSpecification\",\"valueRequired\":true,\"valueName\":\"search_term_string\"}}],\"inLanguage\":\"en-US\"},{\"@type\":\"Organization\",\"@id\":\"https:\\\/\\\/www.horseholidaysfrance.com\\\/#organization\",\"name\":\"Horse Holidays France\",\"url\":\"https:\\\/\\\/www.horseholidaysfrance.com\\\/\",\"logo\":{\"@type\":\"ImageObject\",\"inLanguage\":\"en-US\",\"@id\":\"https:\\\/\\\/www.horseholidaysfrance.com\\\/#\\\/schema\\\/logo\\\/image\\\/\",\"url\":\"https:\\\/\\\/www.horseholidaysfrance.com\\\/wp-content\\\/uploads\\\/2017\\\/01\\\/HHF-loga-fr.jpg\",\"contentUrl\":\"https:\\\/\\\/www.horseholidaysfrance.com\\\/wp-content\\\/uploads\\\/2017\\\/01\\\/HHF-loga-fr.jpg\",\"width\":524,\"height\":183,\"caption\":\"Horse Holidays France\"},\"image\":{\"@id\":\"https:\\\/\\\/www.horseholidaysfrance.com\\\/#\\\/schema\\\/logo\\\/image\\\/\"},\"sameAs\":[\"https:\\\/\\\/www.facebook.com\\\/horse.fr\\\/\",\"https:\\\/\\\/www.linkedin.com\\\/company\\\/horse-holidays-france?report_success=6vo3TCkCS1-Q3MQSXyAa5EmbyooXt_JHF4gI-SlS5O9Glwt8CaN1ZzdSFMOjqCEC4tgoZJl1pOO90MRDlW9NQp\"]}]}<\/script>\n<!-- \/ Yoast SEO plugin. -->","yoast_head_json":{"title":"Evolution trek - Horse Holidays Createur de sejours equestres sur mesure","description":"A guided ride through the realm of the kings and emperors of France. Length: 3 hours including 1 \u00bd hours on horseback","robots":{"index":"index","follow":"follow","max-snippet":"max-snippet:-1","max-image-preview":"max-image-preview:large","max-video-preview":"max-video-preview:-1"},"canonical":"https:\/\/www.horseholidaysfrance.com\/en\/product-en\/evolution-trek\/","og_locale":"en_US","og_type":"article","og_title":"Evolution trek - Horse Holidays Createur de sejours equestres sur mesure","og_description":"A guided ride through the realm of the kings and emperors of France. Length: 3 hours including 1 \u00bd hours on horseback","og_url":"https:\/\/www.horseholidaysfrance.com\/en\/product-en\/evolution-trek\/","og_site_name":"Horse Holidays Createur de sejours equestres sur mesure","article_publisher":"https:\/\/www.facebook.com\/horse.fr\/","article_modified_time":"2025-10-02T08:37:57+00:00","og_image":[{"width":750,"height":500,"url":"https:\/\/www.horseholidaysfrance.com\/wp-content\/uploads\/2018\/04\/equitation.jpg","type":"image\/jpeg"}],"twitter_card":"summary_large_image","twitter_misc":{"Est. reading time":"1 minute"},"schema":{"@context":"https:\/\/schema.org","@graph":[{"@type":"WebPage","@id":"https:\/\/www.horseholidaysfrance.com\/en\/product-en\/evolution-trek\/","url":"https:\/\/www.horseholidaysfrance.com\/en\/product-en\/evolution-trek\/","name":"Evolution trek - Horse Holidays Createur de sejours equestres sur mesure","isPartOf":{"@id":"https:\/\/www.horseholidaysfrance.com\/#website"},"primaryImageOfPage":{"@id":"https:\/\/www.horseholidaysfrance.com\/en\/product-en\/evolution-trek\/#primaryimage"},"image":{"@id":"https:\/\/www.horseholidaysfrance.com\/en\/product-en\/evolution-trek\/#primaryimage"},"thumbnailUrl":"https:\/\/www.horseholidaysfrance.com\/wp-content\/uploads\/2018\/04\/equitation.jpg","datePublished":"2019-06-05T15:48:47+00:00","dateModified":"2025-10-02T08:37:57+00:00","description":"A guided ride through the realm of the kings and emperors of France. Length: 3 hours including 1 \u00bd hours on horseback","breadcrumb":{"@id":"https:\/\/www.horseholidaysfrance.com\/en\/product-en\/evolution-trek\/#breadcrumb"},"inLanguage":"en-US","potentialAction":[{"@type":"ReadAction","target":["https:\/\/www.horseholidaysfrance.com\/en\/product-en\/evolution-trek\/"]}]},{"@type":"ImageObject","inLanguage":"en-US","@id":"https:\/\/www.horseholidaysfrance.com\/en\/product-en\/evolution-trek\/#primaryimage","url":"https:\/\/www.horseholidaysfrance.com\/wp-content\/uploads\/2018\/04\/equitation.jpg","contentUrl":"https:\/\/www.horseholidaysfrance.com\/wp-content\/uploads\/2018\/04\/equitation.jpg","width":750,"height":500,"caption":"Walks & Rides"},{"@type":"BreadcrumbList","@id":"https:\/\/www.horseholidaysfrance.com\/en\/product-en\/evolution-trek\/#breadcrumb","itemListElement":[{"@type":"ListItem","position":1,"name":"Accueil","item":"https:\/\/www.horseholidaysfrance.com\/en\/home-2-2-2\/"},{"@type":"ListItem","position":2,"name":"Shop","item":"https:\/\/www.horseholidaysfrance.com\/en\/shop\/"},{"@type":"ListItem","position":3,"name":"Evolution trek"}]},{"@type":"WebSite","@id":"https:\/\/www.horseholidaysfrance.com\/#website","url":"https:\/\/www.horseholidaysfrance.com\/","name":"Horse Holidays Createur de sejours equestres sur mesure","description":"Cr\u00e9ateur de s\u00e9jours \u00e9questres sur mesure","publisher":{"@id":"https:\/\/www.horseholidaysfrance.com\/#organization"},"potentialAction":[{"@type":"SearchAction","target":{"@type":"EntryPoint","urlTemplate":"https:\/\/www.horseholidaysfrance.com\/?s={search_term_string}"},"query-input":{"@type":"PropertyValueSpecification","valueRequired":true,"valueName":"search_term_string"}}],"inLanguage":"en-US"},{"@type":"Organization","@id":"https:\/\/www.horseholidaysfrance.com\/#organization","name":"Horse Holidays France","url":"https:\/\/www.horseholidaysfrance.com\/","logo":{"@type":"ImageObject","inLanguage":"en-US","@id":"https:\/\/www.horseholidaysfrance.com\/#\/schema\/logo\/image\/","url":"https:\/\/www.horseholidaysfrance.com\/wp-content\/uploads\/2017\/01\/HHF-loga-fr.jpg","contentUrl":"https:\/\/www.horseholidaysfrance.com\/wp-content\/uploads\/2017\/01\/HHF-loga-fr.jpg","width":524,"height":183,"caption":"Horse Holidays France"},"image":{"@id":"https:\/\/www.horseholidaysfrance.com\/#\/schema\/logo\/image\/"},"sameAs":["https:\/\/www.facebook.com\/horse.fr\/","https:\/\/www.linkedin.com\/company\/horse-holidays-france?report_success=6vo3TCkCS1-Q3MQSXyAa5EmbyooXt_JHF4gI-SlS5O9Glwt8CaN1ZzdSFMOjqCEC4tgoZJl1pOO90MRDlW9NQp"]}]}},"_links":{"self":[{"href":"https:\/\/www.horseholidaysfrance.com\/en\/wp-json\/wp\/v2\/product\/9714","targetHints":{"allow":["GET"]}}],"collection":[{"href":"https:\/\/www.horseholidaysfrance.com\/en\/wp-json\/wp\/v2\/product"}],"about":[{"href":"https:\/\/www.horseholidaysfrance.com\/en\/wp-json\/wp\/v2\/types\/product"}],"wp:featuredmedia":[{"embeddable":true,"href":"https:\/\/www.horseholidaysfrance.com\/en\/wp-json\/wp\/v2\/media\/4318"}],"wp:attachment":[{"href":"https:\/\/www.horseholidaysfrance.com\/en\/wp-json\/wp\/v2\/media?parent=9714"}],"wp:term":[{"taxonomy":"product_brand","embeddable":true,"href":"https:\/\/www.horseholidaysfrance.com\/en\/wp-json\/wp\/v2\/product_brand?post=9714"},{"taxonomy":"product_cat","embeddable":true,"href":"https:\/\/www.horseholidaysfrance.com\/en\/wp-json\/wp\/v2\/product_cat?post=9714"},{"taxonomy":"product_tag","embeddable":true,"href":"https:\/\/www.horseholidaysfrance.com\/en\/wp-json\/wp\/v2\/product_tag?post=9714"}],"curies":[{"name":"wp","href":"https:\/\/api.w.org\/{rel}","templated":true}]}}